{"id":172,"date":"2025-12-19T21:02:36","date_gmt":"2025-12-19T21:02:36","guid":{"rendered":"https:\/\/www.romainnattier.fr\/?page_id=172"},"modified":"2025-12-19T21:06:38","modified_gmt":"2025-12-19T21:06:38","slug":"collections-copy","status":"publish","type":"page","link":"https:\/\/www.romainnattier.fr\/index.php\/collections-copy\/","title":{"rendered":"Catch Me"},"content":{"rendered":"\t\t<div data-elementor-type=\"wp-page\" data-elementor-id=\"172\" class=\"elementor elementor-172\">\n\t\t\t\t<div class=\"elementor-element elementor-element-502c431a e-flex e-con-boxed e-con e-parent\" data-id=\"502c431a\" data-element_type=\"container\">\n\t\t\t\t\t<div class=\"e-con-inner\">\n\t\t\t\t<div class=\"elementor-element elementor-element-569243c2 elementor-widget elementor-widget-image\" data-id=\"569243c2\" data-element_type=\"widget\" data-widget_type=\"image.default\">\n\t\t\t\t\t\t\t\t\t\t\t\t\t\t\t<img fetchpriority=\"high\" decoding=\"async\" width=\"2048\" height=\"1536\" src=\"https:\/\/www.romainnattier.fr\/wp-content\/uploads\/2025\/12\/P1289721-2.jpg\" class=\"attachment-full size-full wp-image-125\" alt=\"\" srcset=\"https:\/\/www.romainnattier.fr\/wp-content\/uploads\/2025\/12\/P1289721-2.jpg 2048w, https:\/\/www.romainnattier.fr\/wp-content\/uploads\/2025\/12\/P1289721-2-300x225.jpg 300w, https:\/\/www.romainnattier.fr\/wp-content\/uploads\/2025\/12\/P1289721-2-1024x768.jpg 1024w, https:\/\/www.romainnattier.fr\/wp-content\/uploads\/2025\/12\/P1289721-2-768x576.jpg 768w, https:\/\/www.romainnattier.fr\/wp-content\/uploads\/2025\/12\/P1289721-2-1536x1152.jpg 1536w\" sizes=\"(max-width: 2048px) 100vw, 2048px\" \/>\t\t\t\t\t\t\t\t\t\t\t\t\t\t\t<\/div>\n\t\t\t\t\t<\/div>\n\t\t\t\t<\/div>\n\t\t<div class=\"elementor-element elementor-element-46a144d e-flex e-con-boxed e-con e-parent\" data-id=\"46a144d\" data-element_type=\"container\">\n\t\t\t\t\t<div class=\"e-con-inner\">\n\t\t<div class=\"elementor-element elementor-element-6bbaf67 e-grid e-con-full e-con e-child\" data-id=\"6bbaf67\" data-element_type=\"container\">\n\t\t\t\t<div class=\"elementor-element elementor-element-c0f44d8 elementor-widget elementor-widget-text-editor\" data-id=\"c0f44d8\" data-element_type=\"widget\" data-widget_type=\"text-editor.default\">\n\t\t\t\t\t\t\t\t\t<h2 style=\"text-align: left;\">CATCH ME<\/h2><p data-start=\"134\" data-end=\"470\">Plongez dans l&rsquo;univers spectaculaire du gala de catch de Soissons avec <strong data-start=\"205\" data-end=\"219\">\u00ab\u00a0CATCH ME\u00a0\u00bb<\/strong>, ma toute premi\u00e8re s\u00e9rie photographique d\u00e9di\u00e9e au sport. Ce projet marque un tournant dans mon parcours artistique, une v\u00e9ritable premi\u00e8re, o\u00f9 j\u2019explore les fronti\u00e8res floues entre <strong data-start=\"401\" data-end=\"467\">combat et spectacle, sport et th\u00e9\u00e2tralit\u00e9, trag\u00e9die et com\u00e9die<\/strong>.<\/p><p data-start=\"472\" data-end=\"789\">Dans l\u2019ar\u00e8ne, chaque coup port\u00e9, chaque saut acrobatique, chaque grimace de douleur ou cri de victoire raconte une histoire. \u00c0 travers mes images, j\u2019ai voulu capturer cette \u00e9nergie brute et ces \u00e9motions contrast\u00e9es, ce m\u00e9lange de puissance physique et d\u2019intensit\u00e9 dramatique qui fait du catch un art \u00e0 part enti\u00e8re.<\/p><p data-start=\"791\" data-end=\"1062\"><strong data-start=\"791\" data-end=\"805\">\u00ab\u00a0CATCH ME\u00a0\u00bb<\/strong> est un hommage \u00e0 ce microcosme o\u00f9 les sportifs deviennent des h\u00e9ros, les gradins s\u2019enflamment, et le public, complice, participe \u00e0 ce th\u00e9\u00e2tre vivant. Une invitation \u00e0 d\u00e9couvrir le catch sous un autre regard, celui de l\u2019objectif : intime, brut et sinc\u00e8re.<\/p><ul><li>Novembre 2024<\/li><li>Panasonic Lumix S5<\/li><\/ul>\t\t\t\t\t\t\t\t<\/div>\n\t\t\t\t<div class=\"elementor-element elementor-element-599554c elementor-widget elementor-widget-image-gallery\" data-id=\"599554c\" data-element_type=\"widget\" data-widget_type=\"image-gallery.default\">\n\t\t\t\t\t\t\t<div class=\"elementor-image-gallery\">\n\t\t\t<div id='gallery-1' class='gallery galleryid-172 gallery-columns-5 gallery-size-thumbnail'><figure class='gallery-item'>\n\t\t\t<div class='gallery-icon landscape'>\n\t\t\t\t<a data-elementor-open-lightbox=\"yes\" data-elementor-lightbox-slideshow=\"599554c\" data-elementor-lightbox-title=\"P1279153\" data-e-action-hash=\"#elementor-action%3Aaction%3Dlightbox%26settings%3DeyJpZCI6MTMzLCJ1cmwiOiJodHRwczpcL1wvd3d3LnJvbWFpbm5hdHRpZXIuZnJcL3dwLWNvbnRlbnRcL3VwbG9hZHNcLzIwMjVcLzEyXC9QMTI3OTE1My5qcGciLCJzbGlkZXNob3ciOiI1OTk1NTRjIn0%3D\" href='https:\/\/www.romainnattier.fr\/wp-content\/uploads\/2025\/12\/P1279153.jpg'><img decoding=\"async\" width=\"150\" height=\"150\" src=\"https:\/\/www.romainnattier.fr\/wp-content\/uploads\/2025\/12\/P1279153-150x150.jpg\" class=\"attachment-thumbnail size-thumbnail\" alt=\"\" \/><\/a>\n\t\t\t<\/div><\/figure><figure class='gallery-item'>\n\t\t\t<div class='gallery-icon landscape'>\n\t\t\t\t<a data-elementor-open-lightbox=\"yes\" data-elementor-lightbox-slideshow=\"599554c\" data-elementor-lightbox-title=\"P1279134\" data-e-action-hash=\"#elementor-action%3Aaction%3Dlightbox%26settings%3DeyJpZCI6MTMyLCJ1cmwiOiJodHRwczpcL1wvd3d3LnJvbWFpbm5hdHRpZXIuZnJcL3dwLWNvbnRlbnRcL3VwbG9hZHNcLzIwMjVcLzEyXC9QMTI3OTEzNC5qcGciLCJzbGlkZXNob3ciOiI1OTk1NTRjIn0%3D\" href='https:\/\/www.romainnattier.fr\/wp-content\/uploads\/2025\/12\/P1279134.jpg'><img decoding=\"async\" width=\"150\" height=\"150\" src=\"https:\/\/www.romainnattier.fr\/wp-content\/uploads\/2025\/12\/P1279134-150x150.jpg\" class=\"attachment-thumbnail size-thumbnail\" alt=\"\" \/><\/a>\n\t\t\t<\/div><\/figure><figure class='gallery-item'>\n\t\t\t<div class='gallery-icon portrait'>\n\t\t\t\t<a data-elementor-open-lightbox=\"yes\" data-elementor-lightbox-slideshow=\"599554c\" data-elementor-lightbox-title=\"P1279026\" data-e-action-hash=\"#elementor-action%3Aaction%3Dlightbox%26settings%3DeyJpZCI6MTMwLCJ1cmwiOiJodHRwczpcL1wvd3d3LnJvbWFpbm5hdHRpZXIuZnJcL3dwLWNvbnRlbnRcL3VwbG9hZHNcLzIwMjVcLzEyXC9QMTI3OTAyNi1zY2FsZWQuanBnIiwic2xpZGVzaG93IjoiNTk5NTU0YyJ9\" href='https:\/\/www.romainnattier.fr\/wp-content\/uploads\/2025\/12\/P1279026-scaled.jpg'><img loading=\"lazy\" decoding=\"async\" width=\"150\" height=\"150\" src=\"https:\/\/www.romainnattier.fr\/wp-content\/uploads\/2025\/12\/P1279026-150x150.jpg\" class=\"attachment-thumbnail size-thumbnail\" alt=\"\" \/><\/a>\n\t\t\t<\/div><\/figure><figure class='gallery-item'>\n\t\t\t<div class='gallery-icon portrait'>\n\t\t\t\t<a data-elementor-open-lightbox=\"yes\" data-elementor-lightbox-slideshow=\"599554c\" data-elementor-lightbox-title=\"P1289571\" data-e-action-hash=\"#elementor-action%3Aaction%3Dlightbox%26settings%3DeyJpZCI6MTI0LCJ1cmwiOiJodHRwczpcL1wvd3d3LnJvbWFpbm5hdHRpZXIuZnJcL3dwLWNvbnRlbnRcL3VwbG9hZHNcLzIwMjVcLzEyXC9QMTI4OTU3MS5qcGciLCJzbGlkZXNob3ciOiI1OTk1NTRjIn0%3D\" href='https:\/\/www.romainnattier.fr\/wp-content\/uploads\/2025\/12\/P1289571.jpg'><img loading=\"lazy\" decoding=\"async\" width=\"150\" height=\"150\" src=\"https:\/\/www.romainnattier.fr\/wp-content\/uploads\/2025\/12\/P1289571-150x150.jpg\" class=\"attachment-thumbnail size-thumbnail\" alt=\"\" \/><\/a>\n\t\t\t<\/div><\/figure><figure class='gallery-item'>\n\t\t\t<div class='gallery-icon portrait'>\n\t\t\t\t<a data-elementor-open-lightbox=\"yes\" data-elementor-lightbox-slideshow=\"599554c\" data-elementor-lightbox-title=\"P1372339\" data-e-action-hash=\"#elementor-action%3Aaction%3Dlightbox%26settings%3DeyJpZCI6MTI2LCJ1cmwiOiJodHRwczpcL1wvd3d3LnJvbWFpbm5hdHRpZXIuZnJcL3dwLWNvbnRlbnRcL3VwbG9hZHNcLzIwMjVcLzEyXC9QMTM3MjMzOS5qcGciLCJzbGlkZXNob3ciOiI1OTk1NTRjIn0%3D\" href='https:\/\/www.romainnattier.fr\/wp-content\/uploads\/2025\/12\/P1372339.jpg'><img loading=\"lazy\" decoding=\"async\" width=\"150\" height=\"150\" src=\"https:\/\/www.romainnattier.fr\/wp-content\/uploads\/2025\/12\/P1372339-150x150.jpg\" class=\"attachment-thumbnail size-thumbnail\" alt=\"\" \/><\/a>\n\t\t\t<\/div><\/figure><figure class='gallery-item'>\n\t\t\t<div class='gallery-icon portrait'>\n\t\t\t\t<a data-elementor-open-lightbox=\"yes\" data-elementor-lightbox-slideshow=\"599554c\" data-elementor-lightbox-title=\"P1278692\" data-e-action-hash=\"#elementor-action%3Aaction%3Dlightbox%26settings%3DeyJpZCI6MTI4LCJ1cmwiOiJodHRwczpcL1wvd3d3LnJvbWFpbm5hdHRpZXIuZnJcL3dwLWNvbnRlbnRcL3VwbG9hZHNcLzIwMjVcLzEyXC9QMTI3ODY5Mi5qcGciLCJzbGlkZXNob3ciOiI1OTk1NTRjIn0%3D\" href='https:\/\/www.romainnattier.fr\/wp-content\/uploads\/2025\/12\/P1278692.jpg'><img loading=\"lazy\" decoding=\"async\" width=\"150\" height=\"150\" src=\"https:\/\/www.romainnattier.fr\/wp-content\/uploads\/2025\/12\/P1278692-150x150.jpg\" class=\"attachment-thumbnail size-thumbnail\" alt=\"\" \/><\/a>\n\t\t\t<\/div><\/figure><figure class='gallery-item'>\n\t\t\t<div class='gallery-icon portrait'>\n\t\t\t\t<a data-elementor-open-lightbox=\"yes\" data-elementor-lightbox-slideshow=\"599554c\" data-elementor-lightbox-title=\"P1278780\" data-e-action-hash=\"#elementor-action%3Aaction%3Dlightbox%26settings%3DeyJpZCI6MTI5LCJ1cmwiOiJodHRwczpcL1wvd3d3LnJvbWFpbm5hdHRpZXIuZnJcL3dwLWNvbnRlbnRcL3VwbG9hZHNcLzIwMjVcLzEyXC9QMTI3ODc4MC5qcGciLCJzbGlkZXNob3ciOiI1OTk1NTRjIn0%3D\" href='https:\/\/www.romainnattier.fr\/wp-content\/uploads\/2025\/12\/P1278780.jpg'><img loading=\"lazy\" decoding=\"async\" width=\"150\" height=\"150\" src=\"https:\/\/www.romainnattier.fr\/wp-content\/uploads\/2025\/12\/P1278780-150x150.jpg\" class=\"attachment-thumbnail size-thumbnail\" alt=\"\" \/><\/a>\n\t\t\t<\/div><\/figure><figure class='gallery-item'>\n\t\t\t<div class='gallery-icon portrait'>\n\t\t\t\t<a data-elementor-open-lightbox=\"yes\" data-elementor-lightbox-slideshow=\"599554c\" data-elementor-lightbox-title=\"P1289570-3\" data-e-action-hash=\"#elementor-action%3Aaction%3Dlightbox%26settings%3DeyJpZCI6MTIzLCJ1cmwiOiJodHRwczpcL1wvd3d3LnJvbWFpbm5hdHRpZXIuZnJcL3dwLWNvbnRlbnRcL3VwbG9hZHNcLzIwMjVcLzEyXC9QMTI4OTU3MC0zLmpwZyIsInNsaWRlc2hvdyI6IjU5OTU1NGMifQ%3D%3D\" href='https:\/\/www.romainnattier.fr\/wp-content\/uploads\/2025\/12\/P1289570-3.jpg'><img loading=\"lazy\" decoding=\"async\" width=\"150\" height=\"150\" src=\"https:\/\/www.romainnattier.fr\/wp-content\/uploads\/2025\/12\/P1289570-3-150x150.jpg\" class=\"attachment-thumbnail size-thumbnail\" alt=\"\" \/><\/a>\n\t\t\t<\/div><\/figure><figure class='gallery-item'>\n\t\t\t<div class='gallery-icon portrait'>\n\t\t\t\t<a data-elementor-open-lightbox=\"yes\" data-elementor-lightbox-slideshow=\"599554c\" data-elementor-lightbox-title=\"P1289566\" data-e-action-hash=\"#elementor-action%3Aaction%3Dlightbox%26settings%3DeyJpZCI6MTIyLCJ1cmwiOiJodHRwczpcL1wvd3d3LnJvbWFpbm5hdHRpZXIuZnJcL3dwLWNvbnRlbnRcL3VwbG9hZHNcLzIwMjVcLzEyXC9QMTI4OTU2Ni5qcGciLCJzbGlkZXNob3ciOiI1OTk1NTRjIn0%3D\" href='https:\/\/www.romainnattier.fr\/wp-content\/uploads\/2025\/12\/P1289566.jpg'><img loading=\"lazy\" decoding=\"async\" width=\"150\" height=\"150\" src=\"https:\/\/www.romainnattier.fr\/wp-content\/uploads\/2025\/12\/P1289566-150x150.jpg\" class=\"attachment-thumbnail size-thumbnail\" alt=\"\" \/><\/a>\n\t\t\t<\/div><\/figure><figure class='gallery-item'>\n\t\t\t<div class='gallery-icon portrait'>\n\t\t\t\t<a data-elementor-open-lightbox=\"yes\" data-elementor-lightbox-slideshow=\"599554c\" data-elementor-lightbox-title=\"P1289549-2\" data-e-action-hash=\"#elementor-action%3Aaction%3Dlightbox%26settings%3DeyJpZCI6MTIxLCJ1cmwiOiJodHRwczpcL1wvd3d3LnJvbWFpbm5hdHRpZXIuZnJcL3dwLWNvbnRlbnRcL3VwbG9hZHNcLzIwMjVcLzEyXC9QMTI4OTU0OS0yLmpwZyIsInNsaWRlc2hvdyI6IjU5OTU1NGMifQ%3D%3D\" href='https:\/\/www.romainnattier.fr\/wp-content\/uploads\/2025\/12\/P1289549-2.jpg'><img loading=\"lazy\" decoding=\"async\" width=\"150\" height=\"150\" src=\"https:\/\/www.romainnattier.fr\/wp-content\/uploads\/2025\/12\/P1289549-2-150x150.jpg\" class=\"attachment-thumbnail size-thumbnail\" alt=\"\" \/><\/a>\n\t\t\t<\/div><\/figure><figure class='gallery-item'>\n\t\t\t<div class='gallery-icon landscape'>\n\t\t\t\t<a data-elementor-open-lightbox=\"yes\" data-elementor-lightbox-slideshow=\"599554c\" data-elementor-lightbox-title=\"P1279433\" data-e-action-hash=\"#elementor-action%3Aaction%3Dlightbox%26settings%3DeyJpZCI6MTIwLCJ1cmwiOiJodHRwczpcL1wvd3d3LnJvbWFpbm5hdHRpZXIuZnJcL3dwLWNvbnRlbnRcL3VwbG9hZHNcLzIwMjVcLzEyXC9QMTI3OTQzMy5qcGciLCJzbGlkZXNob3ciOiI1OTk1NTRjIn0%3D\" href='https:\/\/www.romainnattier.fr\/wp-content\/uploads\/2025\/12\/P1279433.jpg'><img loading=\"lazy\" decoding=\"async\" width=\"150\" height=\"150\" src=\"https:\/\/www.romainnattier.fr\/wp-content\/uploads\/2025\/12\/P1279433-150x150.jpg\" class=\"attachment-thumbnail size-thumbnail\" alt=\"\" \/><\/a>\n\t\t\t<\/div><\/figure><figure class='gallery-item'>\n\t\t\t<div class='gallery-icon landscape'>\n\t\t\t\t<a data-elementor-open-lightbox=\"yes\" data-elementor-lightbox-slideshow=\"599554c\" data-elementor-lightbox-title=\"P1279277 (2024-12-17T21_40_59.860)\" data-e-action-hash=\"#elementor-action%3Aaction%3Dlightbox%26settings%3DeyJpZCI6MTE5LCJ1cmwiOiJodHRwczpcL1wvd3d3LnJvbWFpbm5hdHRpZXIuZnJcL3dwLWNvbnRlbnRcL3VwbG9hZHNcLzIwMjVcLzEyXC9QMTI3OTI3Ny0yMDI0LTEyLTE3VDIxXzQwXzU5Ljg2MC5qcGciLCJzbGlkZXNob3ciOiI1OTk1NTRjIn0%3D\" href='https:\/\/www.romainnattier.fr\/wp-content\/uploads\/2025\/12\/P1279277-2024-12-17T21_40_59.860.jpg'><img loading=\"lazy\" decoding=\"async\" width=\"150\" height=\"150\" src=\"https:\/\/www.romainnattier.fr\/wp-content\/uploads\/2025\/12\/P1279277-2024-12-17T21_40_59.860-150x150.jpg\" class=\"attachment-thumbnail size-thumbnail\" alt=\"\" \/><\/a>\n\t\t\t<\/div><\/figure><figure class='gallery-item'>\n\t\t\t<div class='gallery-icon landscape'>\n\t\t\t\t<a data-elementor-open-lightbox=\"yes\" data-elementor-lightbox-slideshow=\"599554c\" data-elementor-lightbox-title=\"P1279264\" data-e-action-hash=\"#elementor-action%3Aaction%3Dlightbox%26settings%3DeyJpZCI6MTE4LCJ1cmwiOiJodHRwczpcL1wvd3d3LnJvbWFpbm5hdHRpZXIuZnJcL3dwLWNvbnRlbnRcL3VwbG9hZHNcLzIwMjVcLzEyXC9QMTI3OTI2NC5qcGciLCJzbGlkZXNob3ciOiI1OTk1NTRjIn0%3D\" href='https:\/\/www.romainnattier.fr\/wp-content\/uploads\/2025\/12\/P1279264.jpg'><img loading=\"lazy\" decoding=\"async\" width=\"150\" height=\"150\" src=\"https:\/\/www.romainnattier.fr\/wp-content\/uploads\/2025\/12\/P1279264-150x150.jpg\" class=\"attachment-thumbnail size-thumbnail\" alt=\"\" \/><\/a>\n\t\t\t<\/div><\/figure><figure class='gallery-item'>\n\t\t\t<div class='gallery-icon portrait'>\n\t\t\t\t<a data-elementor-open-lightbox=\"yes\" data-elementor-lightbox-slideshow=\"599554c\" data-elementor-lightbox-title=\"P1279219-2\" data-e-action-hash=\"#elementor-action%3Aaction%3Dlightbox%26settings%3DeyJpZCI6MTE2LCJ1cmwiOiJodHRwczpcL1wvd3d3LnJvbWFpbm5hdHRpZXIuZnJcL3dwLWNvbnRlbnRcL3VwbG9hZHNcLzIwMjVcLzEyXC9QMTI3OTIxOS0yLmpwZyIsInNsaWRlc2hvdyI6IjU5OTU1NGMifQ%3D%3D\" href='https:\/\/www.romainnattier.fr\/wp-content\/uploads\/2025\/12\/P1279219-2.jpg'><img loading=\"lazy\" decoding=\"async\" width=\"150\" height=\"150\" src=\"https:\/\/www.romainnattier.fr\/wp-content\/uploads\/2025\/12\/P1279219-2-150x150.jpg\" class=\"attachment-thumbnail size-thumbnail\" alt=\"\" \/><\/a>\n\t\t\t<\/div><\/figure><figure class='gallery-item'>\n\t\t\t<div class='gallery-icon landscape'>\n\t\t\t\t<a data-elementor-open-lightbox=\"yes\" data-elementor-lightbox-slideshow=\"599554c\" data-elementor-lightbox-title=\"P1279234 (2024-12-17T21_40_15.856)\" data-e-action-hash=\"#elementor-action%3Aaction%3Dlightbox%26settings%3DeyJpZCI6MTE3LCJ1cmwiOiJodHRwczpcL1wvd3d3LnJvbWFpbm5hdHRpZXIuZnJcL3dwLWNvbnRlbnRcL3VwbG9hZHNcLzIwMjVcLzEyXC9QMTI3OTIzNC0yMDI0LTEyLTE3VDIxXzQwXzE1Ljg1Ni5qcGciLCJzbGlkZXNob3ciOiI1OTk1NTRjIn0%3D\" href='https:\/\/www.romainnattier.fr\/wp-content\/uploads\/2025\/12\/P1279234-2024-12-17T21_40_15.856.jpg'><img loading=\"lazy\" decoding=\"async\" width=\"150\" height=\"150\" src=\"https:\/\/www.romainnattier.fr\/wp-content\/uploads\/2025\/12\/P1279234-2024-12-17T21_40_15.856-150x150.jpg\" class=\"attachment-thumbnail size-thumbnail\" alt=\"\" \/><\/a>\n\t\t\t<\/div><\/figure>\n\t\t<\/div>\n\t\t<\/div>\n\t\t\t\t\t\t<\/div>\n\t\t\t\t<\/div>\n\t\t\t\t\t<\/div>\n\t\t\t\t<\/div>\n\t\t\t\t<\/div>\n\t\t","protected":false},"excerpt":{"rendered":"<p>CATCH ME Plongez dans l&rsquo;univers spectaculaire du gala de catch de Soissons avec \u00ab\u00a0CATCH ME\u00a0\u00bb, ma toute premi\u00e8re s\u00e9rie photographique d\u00e9di\u00e9e au sport. Ce projet marque un tournant dans mon parcours artistique, une v\u00e9ritable premi\u00e8re, o\u00f9 j\u2019explore les fronti\u00e8res floues entre combat et spectacle, sport et th\u00e9\u00e2tralit\u00e9, trag\u00e9die et com\u00e9die. Dans l\u2019ar\u00e8ne, chaque coup port\u00e9, [&hellip;]<\/p>\n","protected":false},"author":1,"featured_media":0,"parent":0,"menu_order":0,"comment_status":"closed","ping_status":"closed","template":"","meta":{"footnotes":""},"class_list":["post-172","page","type-page","status-publish","hentry"],"_links":{"self":[{"href":"https:\/\/www.romainnattier.fr\/index.php\/wp-json\/wp\/v2\/pages\/172","targetHints":{"allow":["GET"]}}],"collection":[{"href":"https:\/\/www.romainnattier.fr\/index.php\/wp-json\/wp\/v2\/pages"}],"about":[{"href":"https:\/\/www.romainnattier.fr\/index.php\/wp-json\/wp\/v2\/types\/page"}],"author":[{"embeddable":true,"href":"https:\/\/www.romainnattier.fr\/index.php\/wp-json\/wp\/v2\/users\/1"}],"replies":[{"embeddable":true,"href":"https:\/\/www.romainnattier.fr\/index.php\/wp-json\/wp\/v2\/comments?post=172"}],"version-history":[{"count":9,"href":"https:\/\/www.romainnattier.fr\/index.php\/wp-json\/wp\/v2\/pages\/172\/revisions"}],"predecessor-version":[{"id":181,"href":"https:\/\/www.romainnattier.fr\/index.php\/wp-json\/wp\/v2\/pages\/172\/revisions\/181"}],"wp:attachment":[{"href":"https:\/\/www.romainnattier.fr\/index.php\/wp-json\/wp\/v2\/media?parent=172"}],"curies":[{"name":"wp","href":"https:\/\/api.w.org\/{rel}","templated":true}]}}