{"id":183,"date":"2025-12-19T21:38:10","date_gmt":"2025-12-19T21:38:10","guid":{"rendered":"https:\/\/www.romainnattier.fr\/?page_id=183"},"modified":"2025-12-19T21:49:48","modified_gmt":"2025-12-19T21:49:48","slug":"quand-la-mer","status":"publish","type":"page","link":"https:\/\/www.romainnattier.fr\/index.php\/quand-la-mer\/","title":{"rendered":"Quand la mer"},"content":{"rendered":"\t\t<div data-elementor-type=\"wp-page\" data-elementor-id=\"183\" class=\"elementor elementor-183\">\n\t\t\t\t<div class=\"elementor-element elementor-element-502c431a e-flex e-con-boxed e-con e-parent\" data-id=\"502c431a\" data-element_type=\"container\">\n\t\t\t\t\t<div class=\"e-con-inner\">\n\t\t\t\t<div class=\"elementor-element elementor-element-569243c2 elementor-widget elementor-widget-image\" data-id=\"569243c2\" data-element_type=\"widget\" data-widget_type=\"image.default\">\n\t\t\t\t\t\t\t\t\t\t\t\t<figure class=\"wp-caption\">\n\t\t\t\t\t\t\t\t\t\t<img fetchpriority=\"high\" decoding=\"async\" width=\"2560\" height=\"1711\" src=\"https:\/\/www.romainnattier.fr\/wp-content\/uploads\/2025\/12\/2025-08-16_14-22-09_596-scaled.jpeg\" class=\"attachment-full size-full wp-image-195\" alt=\"\" srcset=\"https:\/\/www.romainnattier.fr\/wp-content\/uploads\/2025\/12\/2025-08-16_14-22-09_596-scaled.jpeg 2560w, https:\/\/www.romainnattier.fr\/wp-content\/uploads\/2025\/12\/2025-08-16_14-22-09_596-300x201.jpeg 300w, https:\/\/www.romainnattier.fr\/wp-content\/uploads\/2025\/12\/2025-08-16_14-22-09_596-1024x685.jpeg 1024w, https:\/\/www.romainnattier.fr\/wp-content\/uploads\/2025\/12\/2025-08-16_14-22-09_596-768x513.jpeg 768w, https:\/\/www.romainnattier.fr\/wp-content\/uploads\/2025\/12\/2025-08-16_14-22-09_596-1536x1027.jpeg 1536w, https:\/\/www.romainnattier.fr\/wp-content\/uploads\/2025\/12\/2025-08-16_14-22-09_596-2048x1369.jpeg 2048w\" sizes=\"(max-width: 2560px) 100vw, 2560px\" \/>\t\t\t\t\t\t\t\t\t\t\t<figcaption class=\"widget-image-caption wp-caption-text\">Quand la Mer<\/figcaption>\n\t\t\t\t\t\t\t\t\t\t<\/figure>\n\t\t\t\t\t\t\t\t\t<\/div>\n\t\t\t\t\t<\/div>\n\t\t\t\t<\/div>\n\t\t<div class=\"elementor-element elementor-element-46a144d e-flex e-con-boxed e-con e-parent\" data-id=\"46a144d\" data-element_type=\"container\">\n\t\t\t\t\t<div class=\"e-con-inner\">\n\t\t<div class=\"elementor-element elementor-element-6bbaf67 e-grid e-con-full e-con e-child\" data-id=\"6bbaf67\" data-element_type=\"container\">\n\t\t\t\t<div class=\"elementor-element elementor-element-c0f44d8 elementor-widget elementor-widget-text-editor\" data-id=\"c0f44d8\" data-element_type=\"widget\" data-widget_type=\"text-editor.default\">\n\t\t\t\t\t\t\t\t\t<p data-start=\"138\" data-end=\"447\"><strong data-start=\"138\" data-end=\"160\">\u201cA quand la mer ?\u201d<\/strong> est une s\u00e9rie photographique r\u00e9alis\u00e9e durant l\u2019\u00e9t\u00e9, entre <strong data-start=\"219\" data-end=\"270\">Ouistreham, Lion-sur-Mer et Hermanville-sur-Mer<\/strong>. Inspir\u00e9e par l\u2019approche vive, ironique et color\u00e9e de <strong data-start=\"325\" data-end=\"340\">Martin Parr<\/strong>, cette s\u00e9rie explore le quotidien baln\u00e9aire avec un regard \u00e0 la fois tendre, curieux et l\u00e9g\u00e8rement d\u00e9cal\u00e9.<\/p><p data-start=\"449\" data-end=\"799\">\u00c0 travers portraits spontan\u00e9s et sc\u00e8nes capt\u00e9es sur le vif, <strong data-start=\"509\" data-end=\"554\">la plage devient un th\u00e9\u00e2tre \u00e0 ciel ouvert<\/strong>, o\u00f9 vacanciers, habitu\u00e9s, familles et personnages anonymes composent une galerie vivante et authentique. Les couleurs \u00e9clatantes, omnipr\u00e9sentes, soulignent la chaleur, la lumi\u00e8re et cette atmosph\u00e8re estivale si particuli\u00e8re du littoral normand.<\/p><p data-start=\"801\" data-end=\"1021\">Le titre, <strong data-start=\"811\" data-end=\"833\">\u201cA quand la mer ?\u201d<\/strong>, fait \u00e9cho \u00e0 <strong data-start=\"847\" data-end=\"862\">Caen la mer<\/strong>, l\u2019agglom\u00e9ration qui borde ce front maritime. C\u2019est un clin d\u2019\u0153il \u00e0 ce rapport intime entre ville et rivage, entre d\u00e9sir d\u2019\u00e9vasion et simplicit\u00e9 du quotidien.<\/p><ul><li>Aout 2025<\/li><li>Leica D-Lux<\/li><\/ul>\t\t\t\t\t\t\t\t<\/div>\n\t\t\t\t<div class=\"elementor-element elementor-element-599554c elementor-widget elementor-widget-image-gallery\" data-id=\"599554c\" data-element_type=\"widget\" data-widget_type=\"image-gallery.default\">\n\t\t\t\t\t\t\t<div class=\"elementor-image-gallery\">\n\t\t\t<div id='gallery-1' class='gallery galleryid-183 gallery-columns-4 gallery-size-thumbnail'><figure class='gallery-item'>\n\t\t\t<div class='gallery-icon landscape'>\n\t\t\t\t<a data-elementor-open-lightbox=\"yes\" data-elementor-lightbox-slideshow=\"599554c\" data-elementor-lightbox-title=\"2025-08-17_14-33-47_019\" data-e-action-hash=\"#elementor-action%3Aaction%3Dlightbox%26settings%3DeyJpZCI6MTk4LCJ1cmwiOiJodHRwczpcL1wvd3d3LnJvbWFpbm5hdHRpZXIuZnJcL3dwLWNvbnRlbnRcL3VwbG9hZHNcLzIwMjVcLzEyXC8yMDI1LTA4LTE3XzE0LTMzLTQ3XzAxOS1zY2FsZWQuanBlZyIsInNsaWRlc2hvdyI6IjU5OTU1NGMifQ%3D%3D\" href='https:\/\/www.romainnattier.fr\/wp-content\/uploads\/2025\/12\/2025-08-17_14-33-47_019-scaled.jpeg'><img decoding=\"async\" width=\"150\" height=\"150\" src=\"https:\/\/www.romainnattier.fr\/wp-content\/uploads\/2025\/12\/2025-08-17_14-33-47_019-150x150.jpeg\" class=\"attachment-thumbnail size-thumbnail\" alt=\"\" \/><\/a>\n\t\t\t<\/div><\/figure><figure class='gallery-item'>\n\t\t\t<div class='gallery-icon portrait'>\n\t\t\t\t<a data-elementor-open-lightbox=\"yes\" data-elementor-lightbox-slideshow=\"599554c\" data-elementor-lightbox-title=\"2025-08-17_14-31-40_281\" data-e-action-hash=\"#elementor-action%3Aaction%3Dlightbox%26settings%3DeyJpZCI6MTk3LCJ1cmwiOiJodHRwczpcL1wvd3d3LnJvbWFpbm5hdHRpZXIuZnJcL3dwLWNvbnRlbnRcL3VwbG9hZHNcLzIwMjVcLzEyXC8yMDI1LTA4LTE3XzE0LTMxLTQwXzI4MS5qcGVnIiwic2xpZGVzaG93IjoiNTk5NTU0YyJ9\" href='https:\/\/www.romainnattier.fr\/wp-content\/uploads\/2025\/12\/2025-08-17_14-31-40_281.jpeg'><img decoding=\"async\" width=\"150\" height=\"150\" src=\"https:\/\/www.romainnattier.fr\/wp-content\/uploads\/2025\/12\/2025-08-17_14-31-40_281-150x150.jpeg\" class=\"attachment-thumbnail size-thumbnail\" alt=\"\" \/><\/a>\n\t\t\t<\/div><\/figure><figure class='gallery-item'>\n\t\t\t<div class='gallery-icon portrait'>\n\t\t\t\t<a data-elementor-open-lightbox=\"yes\" data-elementor-lightbox-slideshow=\"599554c\" data-elementor-lightbox-title=\"2025-08-16_11-43-41_559\" data-e-action-hash=\"#elementor-action%3Aaction%3Dlightbox%26settings%3DeyJpZCI6MTkxLCJ1cmwiOiJodHRwczpcL1wvd3d3LnJvbWFpbm5hdHRpZXIuZnJcL3dwLWNvbnRlbnRcL3VwbG9hZHNcLzIwMjVcLzEyXC8yMDI1LTA4LTE2XzExLTQzLTQxXzU1OS5qcGVnIiwic2xpZGVzaG93IjoiNTk5NTU0YyJ9\" href='https:\/\/www.romainnattier.fr\/wp-content\/uploads\/2025\/12\/2025-08-16_11-43-41_559.jpeg'><img loading=\"lazy\" decoding=\"async\" width=\"150\" height=\"150\" src=\"https:\/\/www.romainnattier.fr\/wp-content\/uploads\/2025\/12\/2025-08-16_11-43-41_559-150x150.jpeg\" class=\"attachment-thumbnail size-thumbnail\" alt=\"\" \/><\/a>\n\t\t\t<\/div><\/figure><figure class='gallery-item'>\n\t\t\t<div class='gallery-icon portrait'>\n\t\t\t\t<a data-elementor-open-lightbox=\"yes\" data-elementor-lightbox-slideshow=\"599554c\" data-elementor-lightbox-title=\"2025-08-16_14-07-42_528\" data-e-action-hash=\"#elementor-action%3Aaction%3Dlightbox%26settings%3DeyJpZCI6MTkyLCJ1cmwiOiJodHRwczpcL1wvd3d3LnJvbWFpbm5hdHRpZXIuZnJcL3dwLWNvbnRlbnRcL3VwbG9hZHNcLzIwMjVcLzEyXC8yMDI1LTA4LTE2XzE0LTA3LTQyXzUyOC1zY2FsZWQuanBlZyIsInNsaWRlc2hvdyI6IjU5OTU1NGMifQ%3D%3D\" href='https:\/\/www.romainnattier.fr\/wp-content\/uploads\/2025\/12\/2025-08-16_14-07-42_528-scaled.jpeg'><img loading=\"lazy\" decoding=\"async\" width=\"150\" height=\"150\" src=\"https:\/\/www.romainnattier.fr\/wp-content\/uploads\/2025\/12\/2025-08-16_14-07-42_528-150x150.jpeg\" class=\"attachment-thumbnail size-thumbnail\" alt=\"\" \/><\/a>\n\t\t\t<\/div><\/figure><figure class='gallery-item'>\n\t\t\t<div class='gallery-icon landscape'>\n\t\t\t\t<a data-elementor-open-lightbox=\"yes\" data-elementor-lightbox-slideshow=\"599554c\" data-elementor-lightbox-title=\"2025-08-16_11-43-21_287\" data-e-action-hash=\"#elementor-action%3Aaction%3Dlightbox%26settings%3DeyJpZCI6MTkwLCJ1cmwiOiJodHRwczpcL1wvd3d3LnJvbWFpbm5hdHRpZXIuZnJcL3dwLWNvbnRlbnRcL3VwbG9hZHNcLzIwMjVcLzEyXC8yMDI1LTA4LTE2XzExLTQzLTIxXzI4Ny5qcGVnIiwic2xpZGVzaG93IjoiNTk5NTU0YyJ9\" href='https:\/\/www.romainnattier.fr\/wp-content\/uploads\/2025\/12\/2025-08-16_11-43-21_287.jpeg'><img loading=\"lazy\" decoding=\"async\" width=\"150\" height=\"150\" src=\"https:\/\/www.romainnattier.fr\/wp-content\/uploads\/2025\/12\/2025-08-16_11-43-21_287-150x150.jpeg\" class=\"attachment-thumbnail size-thumbnail\" alt=\"\" \/><\/a>\n\t\t\t<\/div><\/figure><figure class='gallery-item'>\n\t\t\t<div class='gallery-icon landscape'>\n\t\t\t\t<a data-elementor-open-lightbox=\"yes\" data-elementor-lightbox-slideshow=\"599554c\" data-elementor-lightbox-title=\"2025-08-15_13-36-02_261\" data-e-action-hash=\"#elementor-action%3Aaction%3Dlightbox%26settings%3DeyJpZCI6MTg5LCJ1cmwiOiJodHRwczpcL1wvd3d3LnJvbWFpbm5hdHRpZXIuZnJcL3dwLWNvbnRlbnRcL3VwbG9hZHNcLzIwMjVcLzEyXC8yMDI1LTA4LTE1XzEzLTM2LTAyXzI2MS1zY2FsZWQuanBlZyIsInNsaWRlc2hvdyI6IjU5OTU1NGMifQ%3D%3D\" href='https:\/\/www.romainnattier.fr\/wp-content\/uploads\/2025\/12\/2025-08-15_13-36-02_261-scaled.jpeg'><img loading=\"lazy\" decoding=\"async\" width=\"150\" height=\"150\" src=\"https:\/\/www.romainnattier.fr\/wp-content\/uploads\/2025\/12\/2025-08-15_13-36-02_261-150x150.jpeg\" class=\"attachment-thumbnail size-thumbnail\" alt=\"\" \/><\/a>\n\t\t\t<\/div><\/figure><figure class='gallery-item'>\n\t\t\t<div class='gallery-icon landscape'>\n\t\t\t\t<a data-elementor-open-lightbox=\"yes\" data-elementor-lightbox-slideshow=\"599554c\" data-elementor-lightbox-title=\"2025-08-12_14-06-12_969\" data-e-action-hash=\"#elementor-action%3Aaction%3Dlightbox%26settings%3DeyJpZCI6MTg2LCJ1cmwiOiJodHRwczpcL1wvd3d3LnJvbWFpbm5hdHRpZXIuZnJcL3dwLWNvbnRlbnRcL3VwbG9hZHNcLzIwMjVcLzEyXC8yMDI1LTA4LTEyXzE0LTA2LTEyXzk2OS1zY2FsZWQuanBlZyIsInNsaWRlc2hvdyI6IjU5OTU1NGMifQ%3D%3D\" href='https:\/\/www.romainnattier.fr\/wp-content\/uploads\/2025\/12\/2025-08-12_14-06-12_969-scaled.jpeg'><img loading=\"lazy\" decoding=\"async\" width=\"150\" height=\"150\" src=\"https:\/\/www.romainnattier.fr\/wp-content\/uploads\/2025\/12\/2025-08-12_14-06-12_969-150x150.jpeg\" class=\"attachment-thumbnail size-thumbnail\" alt=\"\" \/><\/a>\n\t\t\t<\/div><\/figure><figure class='gallery-item'>\n\t\t\t<div class='gallery-icon landscape'>\n\t\t\t\t<a data-elementor-open-lightbox=\"yes\" data-elementor-lightbox-slideshow=\"599554c\" data-elementor-lightbox-title=\"2025-08-16_14-22-09_596\" data-e-action-hash=\"#elementor-action%3Aaction%3Dlightbox%26settings%3DeyJpZCI6MTk1LCJ1cmwiOiJodHRwczpcL1wvd3d3LnJvbWFpbm5hdHRpZXIuZnJcL3dwLWNvbnRlbnRcL3VwbG9hZHNcLzIwMjVcLzEyXC8yMDI1LTA4LTE2XzE0LTIyLTA5XzU5Ni1zY2FsZWQuanBlZyIsInNsaWRlc2hvdyI6IjU5OTU1NGMifQ%3D%3D\" href='https:\/\/www.romainnattier.fr\/wp-content\/uploads\/2025\/12\/2025-08-16_14-22-09_596-scaled.jpeg'><img loading=\"lazy\" decoding=\"async\" width=\"150\" height=\"150\" src=\"https:\/\/www.romainnattier.fr\/wp-content\/uploads\/2025\/12\/2025-08-16_14-22-09_596-150x150.jpeg\" class=\"attachment-thumbnail size-thumbnail\" alt=\"\" \/><\/a>\n\t\t\t<\/div><\/figure><figure class='gallery-item'>\n\t\t\t<div class='gallery-icon landscape'>\n\t\t\t\t<a data-elementor-open-lightbox=\"yes\" data-elementor-lightbox-slideshow=\"599554c\" data-elementor-lightbox-title=\"2025-08-16_14-17-00_900\" data-e-action-hash=\"#elementor-action%3Aaction%3Dlightbox%26settings%3DeyJpZCI6MTkzLCJ1cmwiOiJodHRwczpcL1wvd3d3LnJvbWFpbm5hdHRpZXIuZnJcL3dwLWNvbnRlbnRcL3VwbG9hZHNcLzIwMjVcLzEyXC8yMDI1LTA4LTE2XzE0LTE3LTAwXzkwMC5qcGVnIiwic2xpZGVzaG93IjoiNTk5NTU0YyJ9\" href='https:\/\/www.romainnattier.fr\/wp-content\/uploads\/2025\/12\/2025-08-16_14-17-00_900.jpeg'><img loading=\"lazy\" decoding=\"async\" width=\"150\" height=\"150\" src=\"https:\/\/www.romainnattier.fr\/wp-content\/uploads\/2025\/12\/2025-08-16_14-17-00_900-150x150.jpeg\" class=\"attachment-thumbnail size-thumbnail\" alt=\"\" \/><\/a>\n\t\t\t<\/div><\/figure><figure class='gallery-item'>\n\t\t\t<div class='gallery-icon portrait'>\n\t\t\t\t<a data-elementor-open-lightbox=\"yes\" data-elementor-lightbox-slideshow=\"599554c\" data-elementor-lightbox-title=\"2025-08-15_12-40-55_111\" data-e-action-hash=\"#elementor-action%3Aaction%3Dlightbox%26settings%3DeyJpZCI6MTg4LCJ1cmwiOiJodHRwczpcL1wvd3d3LnJvbWFpbm5hdHRpZXIuZnJcL3dwLWNvbnRlbnRcL3VwbG9hZHNcLzIwMjVcLzEyXC8yMDI1LTA4LTE1XzEyLTQwLTU1XzExMS5qcGVnIiwic2xpZGVzaG93IjoiNTk5NTU0YyJ9\" href='https:\/\/www.romainnattier.fr\/wp-content\/uploads\/2025\/12\/2025-08-15_12-40-55_111.jpeg'><img loading=\"lazy\" decoding=\"async\" width=\"150\" height=\"150\" src=\"https:\/\/www.romainnattier.fr\/wp-content\/uploads\/2025\/12\/2025-08-15_12-40-55_111-150x150.jpeg\" class=\"attachment-thumbnail size-thumbnail\" alt=\"\" \/><\/a>\n\t\t\t<\/div><\/figure><figure class='gallery-item'>\n\t\t\t<div class='gallery-icon portrait'>\n\t\t\t\t<a data-elementor-open-lightbox=\"yes\" data-elementor-lightbox-slideshow=\"599554c\" data-elementor-lightbox-title=\"2025-08-15_12-35-19_302\" data-e-action-hash=\"#elementor-action%3Aaction%3Dlightbox%26settings%3DeyJpZCI6MTg3LCJ1cmwiOiJodHRwczpcL1wvd3d3LnJvbWFpbm5hdHRpZXIuZnJcL3dwLWNvbnRlbnRcL3VwbG9hZHNcLzIwMjVcLzEyXC8yMDI1LTA4LTE1XzEyLTM1LTE5XzMwMi1zY2FsZWQuanBlZyIsInNsaWRlc2hvdyI6IjU5OTU1NGMifQ%3D%3D\" href='https:\/\/www.romainnattier.fr\/wp-content\/uploads\/2025\/12\/2025-08-15_12-35-19_302-scaled.jpeg'><img loading=\"lazy\" decoding=\"async\" width=\"150\" height=\"150\" src=\"https:\/\/www.romainnattier.fr\/wp-content\/uploads\/2025\/12\/2025-08-15_12-35-19_302-150x150.jpeg\" class=\"attachment-thumbnail size-thumbnail\" alt=\"\" \/><\/a>\n\t\t\t<\/div><\/figure><figure class='gallery-item'>\n\t\t\t<div class='gallery-icon portrait'>\n\t\t\t\t<a data-elementor-open-lightbox=\"yes\" data-elementor-lightbox-slideshow=\"599554c\" data-elementor-lightbox-title=\"2025-08-16_14-19-03_306\" data-e-action-hash=\"#elementor-action%3Aaction%3Dlightbox%26settings%3DeyJpZCI6MTk0LCJ1cmwiOiJodHRwczpcL1wvd3d3LnJvbWFpbm5hdHRpZXIuZnJcL3dwLWNvbnRlbnRcL3VwbG9hZHNcLzIwMjVcLzEyXC8yMDI1LTA4LTE2XzE0LTE5LTAzXzMwNi1zY2FsZWQuanBlZyIsInNsaWRlc2hvdyI6IjU5OTU1NGMifQ%3D%3D\" href='https:\/\/www.romainnattier.fr\/wp-content\/uploads\/2025\/12\/2025-08-16_14-19-03_306-scaled.jpeg'><img loading=\"lazy\" decoding=\"async\" width=\"150\" height=\"150\" src=\"https:\/\/www.romainnattier.fr\/wp-content\/uploads\/2025\/12\/2025-08-16_14-19-03_306-150x150.jpeg\" class=\"attachment-thumbnail size-thumbnail\" alt=\"\" \/><\/a>\n\t\t\t<\/div><\/figure>\n\t\t<\/div>\n\t\t<\/div>\n\t\t\t\t\t\t<\/div>\n\t\t\t\t<\/div>\n\t\t\t\t\t<\/div>\n\t\t\t\t<\/div>\n\t\t\t\t<\/div>\n\t\t","protected":false},"excerpt":{"rendered":"<p>Quand la Mer \u201cA quand la mer ?\u201d est une s\u00e9rie photographique r\u00e9alis\u00e9e durant l\u2019\u00e9t\u00e9, entre Ouistreham, Lion-sur-Mer et Hermanville-sur-Mer. Inspir\u00e9e par l\u2019approche vive, ironique et color\u00e9e de Martin Parr, cette s\u00e9rie explore le quotidien baln\u00e9aire avec un regard \u00e0 la fois tendre, curieux et l\u00e9g\u00e8rement d\u00e9cal\u00e9. \u00c0 travers portraits spontan\u00e9s et sc\u00e8nes capt\u00e9es sur [&hellip;]<\/p>\n","protected":false},"author":1,"featured_media":0,"parent":0,"menu_order":0,"comment_status":"closed","ping_status":"closed","template":"","meta":{"footnotes":""},"class_list":["post-183","page","type-page","status-publish","hentry"],"_links":{"self":[{"href":"https:\/\/www.romainnattier.fr\/index.php\/wp-json\/wp\/v2\/pages\/183","targetHints":{"allow":["GET"]}}],"collection":[{"href":"https:\/\/www.romainnattier.fr\/index.php\/wp-json\/wp\/v2\/pages"}],"about":[{"href":"https:\/\/www.romainnattier.fr\/index.php\/wp-json\/wp\/v2\/types\/page"}],"author":[{"embeddable":true,"href":"https:\/\/www.romainnattier.fr\/index.php\/wp-json\/wp\/v2\/users\/1"}],"replies":[{"embeddable":true,"href":"https:\/\/www.romainnattier.fr\/index.php\/wp-json\/wp\/v2\/comments?post=183"}],"version-history":[{"count":13,"href":"https:\/\/www.romainnattier.fr\/index.php\/wp-json\/wp\/v2\/pages\/183\/revisions"}],"predecessor-version":[{"id":213,"href":"https:\/\/www.romainnattier.fr\/index.php\/wp-json\/wp\/v2\/pages\/183\/revisions\/213"}],"wp:attachment":[{"href":"https:\/\/www.romainnattier.fr\/index.php\/wp-json\/wp\/v2\/media?parent=183"}],"curies":[{"name":"wp","href":"https:\/\/api.w.org\/{rel}","templated":true}]}}