{"id":2,"date":"2025-12-17T11:05:16","date_gmt":"2025-12-17T11:05:16","guid":{"rendered":"http:\/\/www.romainnattier.fr\/?page_id=2"},"modified":"2025-12-19T23:50:12","modified_gmt":"2025-12-19T23:50:12","slug":"sample-page","status":"publish","type":"page","link":"https:\/\/www.romainnattier.fr\/index.php\/sample-page\/","title":{"rendered":"G\u00e9n\u00e8se"},"content":{"rendered":"\t\t<div data-elementor-type=\"wp-page\" data-elementor-id=\"2\" class=\"elementor elementor-2\">\n\t\t\t\t<div class=\"elementor-element elementor-element-6ae0f42 e-flex e-con-boxed e-con e-parent\" data-id=\"6ae0f42\" data-element_type=\"container\">\n\t\t\t\t\t<div class=\"e-con-inner\">\n\t\t\t\t<div class=\"elementor-element elementor-element-0e8600f elementor-widget elementor-widget-image\" data-id=\"0e8600f\" data-element_type=\"widget\" data-widget_type=\"image.default\">\n\t\t\t\t\t\t\t\t\t\t\t\t<figure class=\"wp-caption\">\n\t\t\t\t\t\t\t\t\t\t<img fetchpriority=\"high\" decoding=\"async\" width=\"1333\" height=\"603\" src=\"https:\/\/www.romainnattier.fr\/wp-content\/uploads\/2025\/12\/rom.jpg\" class=\"attachment-full size-full wp-image-222\" alt=\"\" srcset=\"https:\/\/www.romainnattier.fr\/wp-content\/uploads\/2025\/12\/rom.jpg 1333w, https:\/\/www.romainnattier.fr\/wp-content\/uploads\/2025\/12\/rom-300x136.jpg 300w, https:\/\/www.romainnattier.fr\/wp-content\/uploads\/2025\/12\/rom-1024x463.jpg 1024w, https:\/\/www.romainnattier.fr\/wp-content\/uploads\/2025\/12\/rom-768x347.jpg 768w\" sizes=\"(max-width: 1333px) 100vw, 1333px\" \/>\t\t\t\t\t\t\t\t\t\t\t<figcaption class=\"widget-image-caption wp-caption-text\">G\u00e9n\u00e8se<\/figcaption>\n\t\t\t\t\t\t\t\t\t\t<\/figure>\n\t\t\t\t\t\t\t\t\t<\/div>\n\t\t\t\t\t<\/div>\n\t\t\t\t<\/div>\n\t\t<div class=\"elementor-element elementor-element-cc252b4 e-flex e-con-boxed e-con e-parent\" data-id=\"cc252b4\" data-element_type=\"container\">\n\t\t\t\t\t<div class=\"e-con-inner\">\n\t\t<div class=\"elementor-element elementor-element-e78ea49 e-con-full e-flex e-con e-child\" data-id=\"e78ea49\" data-element_type=\"container\">\n\t\t\t\t<div class=\"elementor-element elementor-element-77a99daa elementor-widget elementor-widget-text-editor\" data-id=\"77a99daa\" data-element_type=\"widget\" data-widget_type=\"text-editor.default\">\n\t\t\t\t\t\t\t\t\t\n<p data-start=\"266\" data-end=\"494\">Tout commence avec le souvenir pr\u00e9cieux de l&rsquo;appareil Kodak de votre famille, qui a ouvert les portes d&rsquo;un monde fascinant de moments fig\u00e9s dans le temps. C&rsquo;\u00e9tait le point de d\u00e9part, l&rsquo;\u00e9tincelle qui a allum\u00e9 une flamme cr\u00e9ative.<\/p>\n<p data-start=\"496\" data-end=\"796\">Puis vient le moment o\u00f9 vous d\u00e9couvrez la premi\u00e8re exposition d&rsquo;Henri Cartier-Bresson, un ma\u00eetre incontest\u00e9 de la photographie. Ses images \u00e9voquent un langage visuel puissant, capturant des instants fugaces et empreints d&rsquo;\u00e9motion. Inspir\u00e9 par son travail, vous sentez que vous avez trouv\u00e9 votre voie.<\/p>\n<p data-start=\"798\" data-end=\"1133\">Le premier appareil Yashica argentique entre alors en sc\u00e8ne, et avec lui, une nouvelle \u00e8re de possibilit\u00e9s s&rsquo;ouvre \u00e0 vous. Les moments pr\u00e9cieux se transforment en photographies \u00e9ternelles, r\u00e9v\u00e9lant le monde \u00e0 travers votre propre perspective. Chaque clic d&rsquo;obturateur est une nouvelle aventure, une exp\u00e9rience qui fa\u00e7onne votre regard.<\/p>\n<p data-start=\"1135\" data-end=\"1478\">L&rsquo;air du num\u00e9rique commence \u00e0 se faire sentir, et avec lui, de nouvelles technologies photographiques font leur entr\u00e9e. Un Polaroid apporte son charme instantan\u00e9, un Fuji apporte une palette de couleurs \u00e9clatantes. Puis viennent les premiers bridges, des outils polyvalents qui vous permettent d&rsquo;explorer encore plus de possibilit\u00e9s cr\u00e9atives.<\/p>\n<p data-start=\"1480\" data-end=\"1710\">Un second bridge rejoint votre arsenal, et les premi\u00e8res s\u00e9ries de photos voient le jour. Votre passion grandit, votre regard s&rsquo;affine, et vous vous laissez emporter par les histoires que vous pouvez raconter \u00e0 travers vos images.<\/p>\n<p data-start=\"1712\" data-end=\"2082\">Mais la vie \u00e9volue, de nouvelles \u00e9tapes arrivent. Un hybride appara\u00eet dans votre vie, accompagn\u00e9 de l&rsquo;arriv\u00e9e d&rsquo;un enfant. Cette nouvelle dimension vous ouvre des horizons infinis pour capturer des moments de bonheur, de tendresse et de d\u00e9couvertes. Des voyages et des balades deviennent des sources in\u00e9puisables d&rsquo;inspiration, o\u00f9 chaque lieu raconte sa propre histoire.<\/p>\n<p data-start=\"2084\" data-end=\"2344\">Les bo\u00eetiers changent au fil du temps, mais une chose reste inchang\u00e9e : la photographie occupe toujours une place centrale dans votre vie. Les s\u00e9ries se multiplient, les disques durs se remplissent, et chaque clich\u00e9 devient un tr\u00e9sor \u00e0 conserver pr\u00e9cieusement.<\/p>\n\t\t\t\t\t\t\t\t<\/div>\n\t\t\t\t<\/div>\n\t\t\t\t\t<\/div>\n\t\t\t\t<\/div>\n\t\t\t\t<\/div>\n\t\t","protected":false},"excerpt":{"rendered":"<p>G\u00e9n\u00e8se Tout commence avec le souvenir pr\u00e9cieux de l&rsquo;appareil Kodak de votre famille, qui a ouvert les portes d&rsquo;un monde fascinant de moments fig\u00e9s dans le temps. C&rsquo;\u00e9tait le point de d\u00e9part, l&rsquo;\u00e9tincelle qui a allum\u00e9 une flamme cr\u00e9ative. Puis vient le moment o\u00f9 vous d\u00e9couvrez la premi\u00e8re exposition d&rsquo;Henri Cartier-Bresson, un ma\u00eetre incontest\u00e9 de [&hellip;]<\/p>\n","protected":false},"author":1,"featured_media":220,"parent":0,"menu_order":0,"comment_status":"closed","ping_status":"open","template":"","meta":{"footnotes":""},"class_list":["post-2","page","type-page","status-publish","has-post-thumbnail","hentry"],"_links":{"self":[{"href":"https:\/\/www.romainnattier.fr\/index.php\/wp-json\/wp\/v2\/pages\/2","targetHints":{"allow":["GET"]}}],"collection":[{"href":"https:\/\/www.romainnattier.fr\/index.php\/wp-json\/wp\/v2\/pages"}],"about":[{"href":"https:\/\/www.romainnattier.fr\/index.php\/wp-json\/wp\/v2\/types\/page"}],"author":[{"embeddable":true,"href":"https:\/\/www.romainnattier.fr\/index.php\/wp-json\/wp\/v2\/users\/1"}],"replies":[{"embeddable":true,"href":"https:\/\/www.romainnattier.fr\/index.php\/wp-json\/wp\/v2\/comments?post=2"}],"version-history":[{"count":12,"href":"https:\/\/www.romainnattier.fr\/index.php\/wp-json\/wp\/v2\/pages\/2\/revisions"}],"predecessor-version":[{"id":347,"href":"https:\/\/www.romainnattier.fr\/index.php\/wp-json\/wp\/v2\/pages\/2\/revisions\/347"}],"wp:featuredmedia":[{"embeddable":true,"href":"https:\/\/www.romainnattier.fr\/index.php\/wp-json\/wp\/v2\/media\/220"}],"wp:attachment":[{"href":"https:\/\/www.romainnattier.fr\/index.php\/wp-json\/wp\/v2\/media?parent=2"}],"curies":[{"name":"wp","href":"https:\/\/api.w.org\/{rel}","templated":true}]}}