{"id":238,"date":"2025-12-19T22:28:04","date_gmt":"2025-12-19T22:28:04","guid":{"rendered":"https:\/\/www.romainnattier.fr\/?page_id=238"},"modified":"2025-12-19T22:37:53","modified_gmt":"2025-12-19T22:37:53","slug":"cest-luxe","status":"publish","type":"page","link":"https:\/\/www.romainnattier.fr\/index.php\/cest-luxe\/","title":{"rendered":"C&rsquo;est luxe"},"content":{"rendered":"\t\t<div data-elementor-type=\"wp-page\" data-elementor-id=\"238\" class=\"elementor elementor-238\">\n\t\t\t\t<div class=\"elementor-element elementor-element-7f0f5ee e-flex e-con-boxed e-con e-parent\" data-id=\"7f0f5ee\" data-element_type=\"container\">\n\t\t\t\t\t<div class=\"e-con-inner\">\n\t\t\t\t<div class=\"elementor-element elementor-element-dc9ec2f elementor-widget elementor-widget-image\" data-id=\"dc9ec2f\" data-element_type=\"widget\" data-widget_type=\"image.default\">\n\t\t\t\t\t\t\t\t\t\t\t\t<figure class=\"wp-caption\">\n\t\t\t\t\t\t\t\t\t\t<img fetchpriority=\"high\" decoding=\"async\" width=\"2560\" height=\"1960\" src=\"https:\/\/www.romainnattier.fr\/wp-content\/uploads\/2025\/12\/L1040293-1-scaled.jpg\" class=\"attachment-full size-full wp-image-248\" alt=\"\" srcset=\"https:\/\/www.romainnattier.fr\/wp-content\/uploads\/2025\/12\/L1040293-1-scaled.jpg 2560w, https:\/\/www.romainnattier.fr\/wp-content\/uploads\/2025\/12\/L1040293-1-300x230.jpg 300w, https:\/\/www.romainnattier.fr\/wp-content\/uploads\/2025\/12\/L1040293-1-1024x784.jpg 1024w, https:\/\/www.romainnattier.fr\/wp-content\/uploads\/2025\/12\/L1040293-1-768x588.jpg 768w, https:\/\/www.romainnattier.fr\/wp-content\/uploads\/2025\/12\/L1040293-1-1536x1176.jpg 1536w, https:\/\/www.romainnattier.fr\/wp-content\/uploads\/2025\/12\/L1040293-1-2048x1568.jpg 2048w\" sizes=\"(max-width: 2560px) 100vw, 2560px\" \/>\t\t\t\t\t\t\t\t\t\t\t<figcaption class=\"widget-image-caption wp-caption-text\">C'est Luxe<\/figcaption>\n\t\t\t\t\t\t\t\t\t\t<\/figure>\n\t\t\t\t\t\t\t\t\t<\/div>\n\t\t\t\t\t<\/div>\n\t\t\t\t<\/div>\n\t\t<div class=\"elementor-element elementor-element-46a144d e-flex e-con-boxed e-con e-parent\" data-id=\"46a144d\" data-element_type=\"container\">\n\t\t\t\t\t<div class=\"e-con-inner\">\n\t\t<div class=\"elementor-element elementor-element-6bbaf67 e-grid e-con-full e-con e-child\" data-id=\"6bbaf67\" data-element_type=\"container\">\n\t\t\t\t<div class=\"elementor-element elementor-element-c0f44d8 elementor-widget elementor-widget-text-editor\" data-id=\"c0f44d8\" data-element_type=\"widget\" data-widget_type=\"text-editor.default\">\n\t\t\t\t\t\t\t\t\t<p>Puis, une p\u00e9riode a suivi o\u00f9 la photographie a perdu\u00a0de son attrait pour moi. Je suis rest\u00e9 dans ma routine\u00a0quotidienne, sans que rien de nouveau n\u2019\u00e9merge.\u00a0<\/p><p>Cependant, un jour, une annonce sur un site\u00a0 internet m\u2019a offert l\u2019opportunit\u00e9\u00a0 d\u2019acqu\u00e9rir un \u00abLeica\u00bb pour seulement 20 euros.<\/p><p>Non pas un appareil t\u00e9l\u00e9m\u00e9trique, pas un hybride, ni un bo\u00eetier luxueux, ni une technologie sophistiqu\u00e9e, ni une multitude d\u2019objectifs \u00e0 choisir, mais un simple C-Lux2, un petit compact ancien, mais surtout, un petit bo\u00eetier minuscule qui tient dans ma poche.<\/p>\t\t\t\t\t\t\t\t<\/div>\n\t\t\t\t<div class=\"elementor-element elementor-element-599554c elementor-widget elementor-widget-image-gallery\" data-id=\"599554c\" data-element_type=\"widget\" data-widget_type=\"image-gallery.default\">\n\t\t\t\t\t\t\t<div class=\"elementor-image-gallery\">\n\t\t\t<div id='gallery-1' class='gallery galleryid-238 gallery-columns-5 gallery-size-thumbnail'><figure class='gallery-item'>\n\t\t\t<div class='gallery-icon landscape'>\n\t\t\t\t<a data-elementor-open-lightbox=\"yes\" data-elementor-lightbox-slideshow=\"599554c\" data-elementor-lightbox-title=\"L1040209\" data-e-action-hash=\"#elementor-action%3Aaction%3Dlightbox%26settings%3DeyJpZCI6MjQwLCJ1cmwiOiJodHRwczpcL1wvd3d3LnJvbWFpbm5hdHRpZXIuZnJcL3dwLWNvbnRlbnRcL3VwbG9hZHNcLzIwMjVcLzEyXC9MMTA0MDIwOS1zY2FsZWQuanBnIiwic2xpZGVzaG93IjoiNTk5NTU0YyJ9\" href='https:\/\/www.romainnattier.fr\/wp-content\/uploads\/2025\/12\/L1040209-scaled.jpg'><img decoding=\"async\" width=\"150\" height=\"150\" src=\"https:\/\/www.romainnattier.fr\/wp-content\/uploads\/2025\/12\/L1040209-150x150.jpg\" class=\"attachment-thumbnail size-thumbnail\" alt=\"\" \/><\/a>\n\t\t\t<\/div><\/figure><figure class='gallery-item'>\n\t\t\t<div class='gallery-icon landscape'>\n\t\t\t\t<a data-elementor-open-lightbox=\"yes\" data-elementor-lightbox-slideshow=\"599554c\" data-elementor-lightbox-title=\"L1040211\" data-e-action-hash=\"#elementor-action%3Aaction%3Dlightbox%26settings%3DeyJpZCI6MjQxLCJ1cmwiOiJodHRwczpcL1wvd3d3LnJvbWFpbm5hdHRpZXIuZnJcL3dwLWNvbnRlbnRcL3VwbG9hZHNcLzIwMjVcLzEyXC9MMTA0MDIxMS1zY2FsZWQuanBnIiwic2xpZGVzaG93IjoiNTk5NTU0YyJ9\" href='https:\/\/www.romainnattier.fr\/wp-content\/uploads\/2025\/12\/L1040211-scaled.jpg'><img decoding=\"async\" width=\"150\" height=\"150\" src=\"https:\/\/www.romainnattier.fr\/wp-content\/uploads\/2025\/12\/L1040211-150x150.jpg\" class=\"attachment-thumbnail size-thumbnail\" alt=\"\" \/><\/a>\n\t\t\t<\/div><\/figure><figure class='gallery-item'>\n\t\t\t<div class='gallery-icon landscape'>\n\t\t\t\t<a data-elementor-open-lightbox=\"yes\" data-elementor-lightbox-slideshow=\"599554c\" data-elementor-lightbox-title=\"L1040219\" data-e-action-hash=\"#elementor-action%3Aaction%3Dlightbox%26settings%3DeyJpZCI6MjQyLCJ1cmwiOiJodHRwczpcL1wvd3d3LnJvbWFpbm5hdHRpZXIuZnJcL3dwLWNvbnRlbnRcL3VwbG9hZHNcLzIwMjVcLzEyXC9MMTA0MDIxOS1zY2FsZWQuanBnIiwic2xpZGVzaG93IjoiNTk5NTU0YyJ9\" href='https:\/\/www.romainnattier.fr\/wp-content\/uploads\/2025\/12\/L1040219-scaled.jpg'><img loading=\"lazy\" decoding=\"async\" width=\"150\" height=\"150\" src=\"https:\/\/www.romainnattier.fr\/wp-content\/uploads\/2025\/12\/L1040219-150x150.jpg\" class=\"attachment-thumbnail size-thumbnail\" alt=\"\" \/><\/a>\n\t\t\t<\/div><\/figure><figure class='gallery-item'>\n\t\t\t<div class='gallery-icon landscape'>\n\t\t\t\t<a data-elementor-open-lightbox=\"yes\" data-elementor-lightbox-slideshow=\"599554c\" data-elementor-lightbox-title=\"L1040228\" data-e-action-hash=\"#elementor-action%3Aaction%3Dlightbox%26settings%3DeyJpZCI6MjQzLCJ1cmwiOiJodHRwczpcL1wvd3d3LnJvbWFpbm5hdHRpZXIuZnJcL3dwLWNvbnRlbnRcL3VwbG9hZHNcLzIwMjVcLzEyXC9MMTA0MDIyOC1zY2FsZWQuanBnIiwic2xpZGVzaG93IjoiNTk5NTU0YyJ9\" href='https:\/\/www.romainnattier.fr\/wp-content\/uploads\/2025\/12\/L1040228-scaled.jpg'><img loading=\"lazy\" decoding=\"async\" width=\"150\" height=\"150\" src=\"https:\/\/www.romainnattier.fr\/wp-content\/uploads\/2025\/12\/L1040228-150x150.jpg\" class=\"attachment-thumbnail size-thumbnail\" alt=\"\" \/><\/a>\n\t\t\t<\/div><\/figure><figure class='gallery-item'>\n\t\t\t<div class='gallery-icon portrait'>\n\t\t\t\t<a data-elementor-open-lightbox=\"yes\" data-elementor-lightbox-slideshow=\"599554c\" data-elementor-lightbox-title=\"L1040236\" data-e-action-hash=\"#elementor-action%3Aaction%3Dlightbox%26settings%3DeyJpZCI6MjQ0LCJ1cmwiOiJodHRwczpcL1wvd3d3LnJvbWFpbm5hdHRpZXIuZnJcL3dwLWNvbnRlbnRcL3VwbG9hZHNcLzIwMjVcLzEyXC9MMTA0MDIzNi1zY2FsZWQuanBnIiwic2xpZGVzaG93IjoiNTk5NTU0YyJ9\" href='https:\/\/www.romainnattier.fr\/wp-content\/uploads\/2025\/12\/L1040236-scaled.jpg'><img loading=\"lazy\" decoding=\"async\" width=\"150\" height=\"150\" src=\"https:\/\/www.romainnattier.fr\/wp-content\/uploads\/2025\/12\/L1040236-150x150.jpg\" class=\"attachment-thumbnail size-thumbnail\" alt=\"\" \/><\/a>\n\t\t\t<\/div><\/figure><figure class='gallery-item'>\n\t\t\t<div class='gallery-icon portrait'>\n\t\t\t\t<a data-elementor-open-lightbox=\"yes\" data-elementor-lightbox-slideshow=\"599554c\" data-elementor-lightbox-title=\"L1040262-1\" data-e-action-hash=\"#elementor-action%3Aaction%3Dlightbox%26settings%3DeyJpZCI6MjQ1LCJ1cmwiOiJodHRwczpcL1wvd3d3LnJvbWFpbm5hdHRpZXIuZnJcL3dwLWNvbnRlbnRcL3VwbG9hZHNcLzIwMjVcLzEyXC9MMTA0MDI2Mi0xLXNjYWxlZC5qcGciLCJzbGlkZXNob3ciOiI1OTk1NTRjIn0%3D\" href='https:\/\/www.romainnattier.fr\/wp-content\/uploads\/2025\/12\/L1040262-1-scaled.jpg'><img loading=\"lazy\" decoding=\"async\" width=\"150\" height=\"150\" src=\"https:\/\/www.romainnattier.fr\/wp-content\/uploads\/2025\/12\/L1040262-1-150x150.jpg\" class=\"attachment-thumbnail size-thumbnail\" alt=\"\" \/><\/a>\n\t\t\t<\/div><\/figure><figure class='gallery-item'>\n\t\t\t<div class='gallery-icon portrait'>\n\t\t\t\t<a data-elementor-open-lightbox=\"yes\" data-elementor-lightbox-slideshow=\"599554c\" data-elementor-lightbox-title=\"L1040285\" data-e-action-hash=\"#elementor-action%3Aaction%3Dlightbox%26settings%3DeyJpZCI6MjQ2LCJ1cmwiOiJodHRwczpcL1wvd3d3LnJvbWFpbm5hdHRpZXIuZnJcL3dwLWNvbnRlbnRcL3VwbG9hZHNcLzIwMjVcLzEyXC9MMTA0MDI4NS1zY2FsZWQuanBnIiwic2xpZGVzaG93IjoiNTk5NTU0YyJ9\" href='https:\/\/www.romainnattier.fr\/wp-content\/uploads\/2025\/12\/L1040285-scaled.jpg'><img loading=\"lazy\" decoding=\"async\" width=\"150\" height=\"150\" src=\"https:\/\/www.romainnattier.fr\/wp-content\/uploads\/2025\/12\/L1040285-150x150.jpg\" class=\"attachment-thumbnail size-thumbnail\" alt=\"\" \/><\/a>\n\t\t\t<\/div><\/figure><figure class='gallery-item'>\n\t\t\t<div class='gallery-icon landscape'>\n\t\t\t\t<a data-elementor-open-lightbox=\"yes\" data-elementor-lightbox-slideshow=\"599554c\" data-elementor-lightbox-title=\"L1040293-1\" data-e-action-hash=\"#elementor-action%3Aaction%3Dlightbox%26settings%3DeyJpZCI6MjQ4LCJ1cmwiOiJodHRwczpcL1wvd3d3LnJvbWFpbm5hdHRpZXIuZnJcL3dwLWNvbnRlbnRcL3VwbG9hZHNcLzIwMjVcLzEyXC9MMTA0MDI5My0xLXNjYWxlZC5qcGciLCJzbGlkZXNob3ciOiI1OTk1NTRjIn0%3D\" href='https:\/\/www.romainnattier.fr\/wp-content\/uploads\/2025\/12\/L1040293-1-scaled.jpg'><img loading=\"lazy\" decoding=\"async\" width=\"150\" height=\"150\" src=\"https:\/\/www.romainnattier.fr\/wp-content\/uploads\/2025\/12\/L1040293-1-150x150.jpg\" class=\"attachment-thumbnail size-thumbnail\" alt=\"\" \/><\/a>\n\t\t\t<\/div><\/figure><figure class='gallery-item'>\n\t\t\t<div class='gallery-icon portrait'>\n\t\t\t\t<a data-elementor-open-lightbox=\"yes\" data-elementor-lightbox-slideshow=\"599554c\" data-elementor-lightbox-title=\"L1040299\" data-e-action-hash=\"#elementor-action%3Aaction%3Dlightbox%26settings%3DeyJpZCI6MjQ5LCJ1cmwiOiJodHRwczpcL1wvd3d3LnJvbWFpbm5hdHRpZXIuZnJcL3dwLWNvbnRlbnRcL3VwbG9hZHNcLzIwMjVcLzEyXC9MMTA0MDI5OS1zY2FsZWQuanBnIiwic2xpZGVzaG93IjoiNTk5NTU0YyJ9\" href='https:\/\/www.romainnattier.fr\/wp-content\/uploads\/2025\/12\/L1040299-scaled.jpg'><img loading=\"lazy\" decoding=\"async\" width=\"150\" height=\"150\" src=\"https:\/\/www.romainnattier.fr\/wp-content\/uploads\/2025\/12\/L1040299-150x150.jpg\" class=\"attachment-thumbnail size-thumbnail\" alt=\"\" \/><\/a>\n\t\t\t<\/div><\/figure><figure class='gallery-item'>\n\t\t\t<div class='gallery-icon landscape'>\n\t\t\t\t<a data-elementor-open-lightbox=\"yes\" data-elementor-lightbox-slideshow=\"599554c\" data-elementor-lightbox-title=\"L1040378\" data-e-action-hash=\"#elementor-action%3Aaction%3Dlightbox%26settings%3DeyJpZCI6MjUwLCJ1cmwiOiJodHRwczpcL1wvd3d3LnJvbWFpbm5hdHRpZXIuZnJcL3dwLWNvbnRlbnRcL3VwbG9hZHNcLzIwMjVcLzEyXC9MMTA0MDM3OC1zY2FsZWQuanBnIiwic2xpZGVzaG93IjoiNTk5NTU0YyJ9\" href='https:\/\/www.romainnattier.fr\/wp-content\/uploads\/2025\/12\/L1040378-scaled.jpg'><img loading=\"lazy\" decoding=\"async\" width=\"150\" height=\"150\" src=\"https:\/\/www.romainnattier.fr\/wp-content\/uploads\/2025\/12\/L1040378-150x150.jpg\" class=\"attachment-thumbnail size-thumbnail\" alt=\"\" \/><\/a>\n\t\t\t<\/div><\/figure><figure class='gallery-item'>\n\t\t\t<div class='gallery-icon landscape'>\n\t\t\t\t<a data-elementor-open-lightbox=\"yes\" data-elementor-lightbox-slideshow=\"599554c\" data-elementor-lightbox-title=\"L1040386-3\" data-e-action-hash=\"#elementor-action%3Aaction%3Dlightbox%26settings%3DeyJpZCI6MjUxLCJ1cmwiOiJodHRwczpcL1wvd3d3LnJvbWFpbm5hdHRpZXIuZnJcL3dwLWNvbnRlbnRcL3VwbG9hZHNcLzIwMjVcLzEyXC9MMTA0MDM4Ni0zLXNjYWxlZC5qcGciLCJzbGlkZXNob3ciOiI1OTk1NTRjIn0%3D\" href='https:\/\/www.romainnattier.fr\/wp-content\/uploads\/2025\/12\/L1040386-3-scaled.jpg'><img loading=\"lazy\" decoding=\"async\" width=\"150\" height=\"150\" src=\"https:\/\/www.romainnattier.fr\/wp-content\/uploads\/2025\/12\/L1040386-3-150x150.jpg\" class=\"attachment-thumbnail size-thumbnail\" alt=\"\" \/><\/a>\n\t\t\t<\/div><\/figure><figure class='gallery-item'>\n\t\t\t<div class='gallery-icon landscape'>\n\t\t\t\t<a data-elementor-open-lightbox=\"yes\" data-elementor-lightbox-slideshow=\"599554c\" data-elementor-lightbox-title=\"L1040479\" data-e-action-hash=\"#elementor-action%3Aaction%3Dlightbox%26settings%3DeyJpZCI6MjUzLCJ1cmwiOiJodHRwczpcL1wvd3d3LnJvbWFpbm5hdHRpZXIuZnJcL3dwLWNvbnRlbnRcL3VwbG9hZHNcLzIwMjVcLzEyXC9MMTA0MDQ3OS1zY2FsZWQuanBnIiwic2xpZGVzaG93IjoiNTk5NTU0YyJ9\" href='https:\/\/www.romainnattier.fr\/wp-content\/uploads\/2025\/12\/L1040479-scaled.jpg'><img loading=\"lazy\" decoding=\"async\" width=\"150\" height=\"150\" src=\"https:\/\/www.romainnattier.fr\/wp-content\/uploads\/2025\/12\/L1040479-150x150.jpg\" class=\"attachment-thumbnail size-thumbnail\" alt=\"\" \/><\/a>\n\t\t\t<\/div><\/figure><figure class='gallery-item'>\n\t\t\t<div class='gallery-icon landscape'>\n\t\t\t\t<a data-elementor-open-lightbox=\"yes\" data-elementor-lightbox-slideshow=\"599554c\" data-elementor-lightbox-title=\"L1040494\" data-e-action-hash=\"#elementor-action%3Aaction%3Dlightbox%26settings%3DeyJpZCI6MjU0LCJ1cmwiOiJodHRwczpcL1wvd3d3LnJvbWFpbm5hdHRpZXIuZnJcL3dwLWNvbnRlbnRcL3VwbG9hZHNcLzIwMjVcLzEyXC9MMTA0MDQ5NC1zY2FsZWQuanBnIiwic2xpZGVzaG93IjoiNTk5NTU0YyJ9\" href='https:\/\/www.romainnattier.fr\/wp-content\/uploads\/2025\/12\/L1040494-scaled.jpg'><img loading=\"lazy\" decoding=\"async\" width=\"150\" height=\"150\" src=\"https:\/\/www.romainnattier.fr\/wp-content\/uploads\/2025\/12\/L1040494-150x150.jpg\" class=\"attachment-thumbnail size-thumbnail\" alt=\"\" \/><\/a>\n\t\t\t<\/div><\/figure><figure class='gallery-item'>\n\t\t\t<div class='gallery-icon portrait'>\n\t\t\t\t<a data-elementor-open-lightbox=\"yes\" data-elementor-lightbox-slideshow=\"599554c\" data-elementor-lightbox-title=\"L1040501\" data-e-action-hash=\"#elementor-action%3Aaction%3Dlightbox%26settings%3DeyJpZCI6MjU1LCJ1cmwiOiJodHRwczpcL1wvd3d3LnJvbWFpbm5hdHRpZXIuZnJcL3dwLWNvbnRlbnRcL3VwbG9hZHNcLzIwMjVcLzEyXC9MMTA0MDUwMS1zY2FsZWQuanBnIiwic2xpZGVzaG93IjoiNTk5NTU0YyJ9\" href='https:\/\/www.romainnattier.fr\/wp-content\/uploads\/2025\/12\/L1040501-scaled.jpg'><img loading=\"lazy\" decoding=\"async\" width=\"150\" height=\"150\" src=\"https:\/\/www.romainnattier.fr\/wp-content\/uploads\/2025\/12\/L1040501-150x150.jpg\" class=\"attachment-thumbnail size-thumbnail\" alt=\"\" \/><\/a>\n\t\t\t<\/div><\/figure><figure class='gallery-item'>\n\t\t\t<div class='gallery-icon landscape'>\n\t\t\t\t<a data-elementor-open-lightbox=\"yes\" data-elementor-lightbox-slideshow=\"599554c\" data-elementor-lightbox-title=\"L1040503\" data-e-action-hash=\"#elementor-action%3Aaction%3Dlightbox%26settings%3DeyJpZCI6MjU2LCJ1cmwiOiJodHRwczpcL1wvd3d3LnJvbWFpbm5hdHRpZXIuZnJcL3dwLWNvbnRlbnRcL3VwbG9hZHNcLzIwMjVcLzEyXC9MMTA0MDUwMy1zY2FsZWQuanBnIiwic2xpZGVzaG93IjoiNTk5NTU0YyJ9\" href='https:\/\/www.romainnattier.fr\/wp-content\/uploads\/2025\/12\/L1040503-scaled.jpg'><img loading=\"lazy\" decoding=\"async\" width=\"150\" height=\"150\" src=\"https:\/\/www.romainnattier.fr\/wp-content\/uploads\/2025\/12\/L1040503-150x150.jpg\" class=\"attachment-thumbnail size-thumbnail\" alt=\"\" \/><\/a>\n\t\t\t<\/div><\/figure><figure class='gallery-item'>\n\t\t\t<div class='gallery-icon landscape'>\n\t\t\t\t<a data-elementor-open-lightbox=\"yes\" data-elementor-lightbox-slideshow=\"599554c\" data-elementor-lightbox-title=\"L1040508\" data-e-action-hash=\"#elementor-action%3Aaction%3Dlightbox%26settings%3DeyJpZCI6MjU3LCJ1cmwiOiJodHRwczpcL1wvd3d3LnJvbWFpbm5hdHRpZXIuZnJcL3dwLWNvbnRlbnRcL3VwbG9hZHNcLzIwMjVcLzEyXC9MMTA0MDUwOC1zY2FsZWQuanBnIiwic2xpZGVzaG93IjoiNTk5NTU0YyJ9\" href='https:\/\/www.romainnattier.fr\/wp-content\/uploads\/2025\/12\/L1040508-scaled.jpg'><img loading=\"lazy\" decoding=\"async\" width=\"150\" height=\"150\" src=\"https:\/\/www.romainnattier.fr\/wp-content\/uploads\/2025\/12\/L1040508-150x150.jpg\" class=\"attachment-thumbnail size-thumbnail\" alt=\"\" \/><\/a>\n\t\t\t<\/div><\/figure><figure class='gallery-item'>\n\t\t\t<div class='gallery-icon portrait'>\n\t\t\t\t<a data-elementor-open-lightbox=\"yes\" data-elementor-lightbox-slideshow=\"599554c\" data-elementor-lightbox-title=\"L1040525\" data-e-action-hash=\"#elementor-action%3Aaction%3Dlightbox%26settings%3DeyJpZCI6MjU4LCJ1cmwiOiJodHRwczpcL1wvd3d3LnJvbWFpbm5hdHRpZXIuZnJcL3dwLWNvbnRlbnRcL3VwbG9hZHNcLzIwMjVcLzEyXC9MMTA0MDUyNS1zY2FsZWQuanBnIiwic2xpZGVzaG93IjoiNTk5NTU0YyJ9\" href='https:\/\/www.romainnattier.fr\/wp-content\/uploads\/2025\/12\/L1040525-scaled.jpg'><img loading=\"lazy\" decoding=\"async\" width=\"150\" height=\"150\" src=\"https:\/\/www.romainnattier.fr\/wp-content\/uploads\/2025\/12\/L1040525-150x150.jpg\" class=\"attachment-thumbnail size-thumbnail\" alt=\"\" \/><\/a>\n\t\t\t<\/div><\/figure><figure class='gallery-item'>\n\t\t\t<div class='gallery-icon portrait'>\n\t\t\t\t<a data-elementor-open-lightbox=\"yes\" data-elementor-lightbox-slideshow=\"599554c\" data-elementor-lightbox-title=\"L1040543\" data-e-action-hash=\"#elementor-action%3Aaction%3Dlightbox%26settings%3DeyJpZCI6MjU5LCJ1cmwiOiJodHRwczpcL1wvd3d3LnJvbWFpbm5hdHRpZXIuZnJcL3dwLWNvbnRlbnRcL3VwbG9hZHNcLzIwMjVcLzEyXC9MMTA0MDU0My1zY2FsZWQuanBnIiwic2xpZGVzaG93IjoiNTk5NTU0YyJ9\" href='https:\/\/www.romainnattier.fr\/wp-content\/uploads\/2025\/12\/L1040543-scaled.jpg'><img loading=\"lazy\" decoding=\"async\" width=\"150\" height=\"150\" src=\"https:\/\/www.romainnattier.fr\/wp-content\/uploads\/2025\/12\/L1040543-150x150.jpg\" class=\"attachment-thumbnail size-thumbnail\" alt=\"\" \/><\/a>\n\t\t\t<\/div><\/figure><figure class='gallery-item'>\n\t\t\t<div class='gallery-icon portrait'>\n\t\t\t\t<a data-elementor-open-lightbox=\"yes\" data-elementor-lightbox-slideshow=\"599554c\" data-elementor-lightbox-title=\"L1040596\" data-e-action-hash=\"#elementor-action%3Aaction%3Dlightbox%26settings%3DeyJpZCI6MjYwLCJ1cmwiOiJodHRwczpcL1wvd3d3LnJvbWFpbm5hdHRpZXIuZnJcL3dwLWNvbnRlbnRcL3VwbG9hZHNcLzIwMjVcLzEyXC9MMTA0MDU5Ni1zY2FsZWQuanBnIiwic2xpZGVzaG93IjoiNTk5NTU0YyJ9\" href='https:\/\/www.romainnattier.fr\/wp-content\/uploads\/2025\/12\/L1040596-scaled.jpg'><img loading=\"lazy\" decoding=\"async\" width=\"150\" height=\"150\" src=\"https:\/\/www.romainnattier.fr\/wp-content\/uploads\/2025\/12\/L1040596-150x150.jpg\" class=\"attachment-thumbnail size-thumbnail\" alt=\"\" \/><\/a>\n\t\t\t<\/div><\/figure><figure class='gallery-item'>\n\t\t\t<div class='gallery-icon landscape'>\n\t\t\t\t<a data-elementor-open-lightbox=\"yes\" data-elementor-lightbox-slideshow=\"599554c\" data-elementor-lightbox-title=\"L1040597\" data-e-action-hash=\"#elementor-action%3Aaction%3Dlightbox%26settings%3DeyJpZCI6MjYxLCJ1cmwiOiJodHRwczpcL1wvd3d3LnJvbWFpbm5hdHRpZXIuZnJcL3dwLWNvbnRlbnRcL3VwbG9hZHNcLzIwMjVcLzEyXC9MMTA0MDU5Ny1zY2FsZWQuanBnIiwic2xpZGVzaG93IjoiNTk5NTU0YyJ9\" href='https:\/\/www.romainnattier.fr\/wp-content\/uploads\/2025\/12\/L1040597-scaled.jpg'><img loading=\"lazy\" decoding=\"async\" width=\"150\" height=\"150\" src=\"https:\/\/www.romainnattier.fr\/wp-content\/uploads\/2025\/12\/L1040597-150x150.jpg\" class=\"attachment-thumbnail size-thumbnail\" alt=\"\" \/><\/a>\n\t\t\t<\/div><\/figure>\n\t\t<\/div>\n\t\t<\/div>\n\t\t\t\t\t\t<\/div>\n\t\t\t\t<\/div>\n\t\t\t\t\t<\/div>\n\t\t\t\t<\/div>\n\t\t\t\t<\/div>\n\t\t","protected":false},"excerpt":{"rendered":"<p>C&rsquo;est Luxe Puis, une p\u00e9riode a suivi o\u00f9 la photographie a perdu\u00a0de son attrait pour moi. Je suis rest\u00e9 dans ma routine\u00a0quotidienne, sans que rien de nouveau n\u2019\u00e9merge.\u00a0 Cependant, un jour, une annonce sur un site\u00a0 internet m\u2019a offert l\u2019opportunit\u00e9\u00a0 d\u2019acqu\u00e9rir un \u00abLeica\u00bb pour seulement 20 euros. Non pas un appareil t\u00e9l\u00e9m\u00e9trique, pas un hybride, [&hellip;]<\/p>\n","protected":false},"author":1,"featured_media":0,"parent":0,"menu_order":0,"comment_status":"closed","ping_status":"closed","template":"","meta":{"footnotes":""},"class_list":["post-238","page","type-page","status-publish","hentry"],"_links":{"self":[{"href":"https:\/\/www.romainnattier.fr\/index.php\/wp-json\/wp\/v2\/pages\/238","targetHints":{"allow":["GET"]}}],"collection":[{"href":"https:\/\/www.romainnattier.fr\/index.php\/wp-json\/wp\/v2\/pages"}],"about":[{"href":"https:\/\/www.romainnattier.fr\/index.php\/wp-json\/wp\/v2\/types\/page"}],"author":[{"embeddable":true,"href":"https:\/\/www.romainnattier.fr\/index.php\/wp-json\/wp\/v2\/users\/1"}],"replies":[{"embeddable":true,"href":"https:\/\/www.romainnattier.fr\/index.php\/wp-json\/wp\/v2\/comments?post=238"}],"version-history":[{"count":4,"href":"https:\/\/www.romainnattier.fr\/index.php\/wp-json\/wp\/v2\/pages\/238\/revisions"}],"predecessor-version":[{"id":264,"href":"https:\/\/www.romainnattier.fr\/index.php\/wp-json\/wp\/v2\/pages\/238\/revisions\/264"}],"wp:attachment":[{"href":"https:\/\/www.romainnattier.fr\/index.php\/wp-json\/wp\/v2\/media?parent=238"}],"curies":[{"name":"wp","href":"https:\/\/api.w.org\/{rel}","templated":true}]}}