{"id":25,"date":"2025-12-17T21:21:57","date_gmt":"2025-12-17T21:21:57","guid":{"rendered":"https:\/\/www.romainnattier.fr\/index.php\/collections\/"},"modified":"2025-12-19T23:46:09","modified_gmt":"2025-12-19T23:46:09","slug":"collections","status":"publish","type":"page","link":"https:\/\/www.romainnattier.fr\/index.php\/collections\/","title":{"rendered":"Collections"},"content":{"rendered":"\t\t<div data-elementor-type=\"wp-page\" data-elementor-id=\"25\" class=\"elementor elementor-25\">\n\t\t\t\t<div class=\"elementor-element elementor-element-7044de1d e-flex e-con-boxed e-con e-parent\" data-id=\"7044de1d\" data-element_type=\"container\">\n\t\t\t\t\t<div class=\"e-con-inner\">\n\t\t\t\t<div class=\"elementor-element elementor-element-21d3ba60 elementor-widget elementor-widget-image\" data-id=\"21d3ba60\" data-element_type=\"widget\" data-widget_type=\"image.default\">\n\t\t\t\t\t\t\t\t\t\t\t\t<figure class=\"wp-caption\">\n\t\t\t\t\t\t\t\t\t\t<img fetchpriority=\"high\" decoding=\"async\" width=\"1991\" height=\"1327\" src=\"https:\/\/www.romainnattier.fr\/wp-content\/uploads\/2025\/12\/2025-08-16_11-43-21_287.jpeg\" class=\"attachment-full size-full wp-image-190\" alt=\"\" srcset=\"https:\/\/www.romainnattier.fr\/wp-content\/uploads\/2025\/12\/2025-08-16_11-43-21_287.jpeg 1991w, https:\/\/www.romainnattier.fr\/wp-content\/uploads\/2025\/12\/2025-08-16_11-43-21_287-300x200.jpeg 300w, https:\/\/www.romainnattier.fr\/wp-content\/uploads\/2025\/12\/2025-08-16_11-43-21_287-1024x682.jpeg 1024w, https:\/\/www.romainnattier.fr\/wp-content\/uploads\/2025\/12\/2025-08-16_11-43-21_287-768x512.jpeg 768w, https:\/\/www.romainnattier.fr\/wp-content\/uploads\/2025\/12\/2025-08-16_11-43-21_287-1536x1024.jpeg 1536w\" sizes=\"(max-width: 1991px) 100vw, 1991px\" \/>\t\t\t\t\t\t\t\t\t\t\t<figcaption class=\"widget-image-caption wp-caption-text\">Portfolio<\/figcaption>\n\t\t\t\t\t\t\t\t\t\t<\/figure>\n\t\t\t\t\t\t\t\t\t<\/div>\n\t\t\t\t\t<\/div>\n\t\t\t\t<\/div>\n\t\t<div class=\"elementor-element elementor-element-5ad3336 e-flex e-con-boxed e-con e-parent\" data-id=\"5ad3336\" data-element_type=\"container\">\n\t\t\t\t\t<div class=\"e-con-inner\">\n\t\t<div class=\"elementor-element elementor-element-8c5faf4 e-grid e-con-full e-con e-child\" data-id=\"8c5faf4\" data-element_type=\"container\">\n\t\t\t\t<div class=\"elementor-element elementor-element-579b2aa elementor-widget__width-initial elementor-widget-mobile__width-initial elementor-widget elementor-widget-flex-hero\" data-id=\"579b2aa\" data-element_type=\"widget\" data-settings=\"{&quot;layout_image_position&quot;:&quot;start&quot;,&quot;layout_preset&quot;:&quot;showcase&quot;,&quot;layout_column_structure&quot;:&quot;50-50&quot;,&quot;image_shape&quot;:&quot;sharp&quot;,&quot;box_shape&quot;:&quot;sharp&quot;}\" data-widget_type=\"flex-hero.default\">\n\t\t\t\t<div class=\"elementor-widget-container\">\n\t\t\t\t\t\t\t<div class=\"has-shape-sharp shape-type-box has-column-structure-50-50  ehp-flex-hero has-layout-preset-showcase has-image-position-start\">\n\t\t\t\t\t\t<div class=\"ehp-flex-hero__overlay\"><\/div>\n\t\t\t<div class=\"ehp-flex-hero__content-container\">\n\t\t\t\t<h2 class=\"ehp-flex-hero__intro\">Paris street<\/h2><p class=\"ehp-flex-hero__subheading\">\u201cPARIS STREET\u201d est une s\u00e9rie photographique intuitive et vibrante qui capture, au fil d\u2019une journ\u00e9e parisienne v\u00e9cue en famille, l\u2019\u00e9nergie du quotidien<\/p>\t\t\t<div class=\"ehp-flex-hero__ctas-container\">\n\t\t\t\t\t\t<a class=\"ehp-button ehp-button--primary ehp-flex-hero__button ehp-flex-hero__button--primary is-type-link elementor-animation-shrink\" href=\"https:\/\/www.romainnattier.fr\/index.php\/paris-street\/\">\n\t\t\t\t\t<span class=\"ehp-button__text ehp-flex-hero__button-text ehp-flex-hero__button-text--primary\">\n\t\t\ten savoir +\t\t\t\t<\/a>\n\t\t\t\t\t\t\t\t\t<\/div>\n\t\t\t\t\t<\/div>\n\t\t\t\t<div class=\"ehp-flex-hero__image-wrapper\">\n\t\t\t\t\t<div class=\"ehp-image ehp-flex-hero__image-container\">\n\t\t\t\t<img decoding=\"async\" class=\"ehp-image__img ehp-flex-hero__img has-shape-sharp shape-type-image\" src=\"https:\/\/www.romainnattier.fr\/wp-content\/uploads\/2025\/12\/P1000974.jpg\" title=\"P1000974\" alt=\"P1000974\" loading=\"lazy\" \/>\t\t\t<\/div>\n\t\t\t\t\t<\/div>\n\t\t\t\t<\/div>\n\t\t\t\t\t\t<\/div>\n\t\t\t\t<\/div>\n\t\t\t\t<div class=\"elementor-element elementor-element-2fb5250 elementor-widget__width-initial elementor-widget-mobile__width-initial elementor-widget elementor-widget-flex-hero\" data-id=\"2fb5250\" data-element_type=\"widget\" data-settings=\"{&quot;layout_image_position&quot;:&quot;start&quot;,&quot;layout_preset&quot;:&quot;showcase&quot;,&quot;layout_column_structure&quot;:&quot;50-50&quot;,&quot;image_shape&quot;:&quot;sharp&quot;,&quot;box_shape&quot;:&quot;sharp&quot;}\" data-widget_type=\"flex-hero.default\">\n\t\t\t\t<div class=\"elementor-widget-container\">\n\t\t\t\t\t\t\t<div class=\"has-shape-sharp shape-type-box has-column-structure-50-50  ehp-flex-hero has-layout-preset-showcase has-image-position-start\">\n\t\t\t\t\t\t<div class=\"ehp-flex-hero__overlay\"><\/div>\n\t\t\t<div class=\"ehp-flex-hero__content-container\">\n\t\t\t\t<h2 class=\"ehp-flex-hero__intro\">A quand la mer<\/h2><p class=\"ehp-flex-hero__subheading\">\u201c\u00c0 quand la mer ?\u201d est une s\u00e9rie photographique estivale, color\u00e9e et l\u00e9g\u00e8rement ironique qui observe avec tendresse le quotidien des plages normandes<\/p>\t\t\t<div class=\"ehp-flex-hero__ctas-container\">\n\t\t\t\t\t\t<a class=\"ehp-button ehp-button--primary ehp-flex-hero__button ehp-flex-hero__button--primary is-type-link elementor-animation-shrink\" href=\"https:\/\/www.romainnattier.fr\/index.php\/quand-la-mer\/\">\n\t\t\t\t\t<span class=\"ehp-button__text ehp-flex-hero__button-text ehp-flex-hero__button-text--primary\">\n\t\t\ten savoir +\t\t\t\t<\/a>\n\t\t\t\t\t\t\t\t\t<\/div>\n\t\t\t\t\t<\/div>\n\t\t\t\t<div class=\"ehp-flex-hero__image-wrapper\">\n\t\t\t\t\t<div class=\"ehp-image ehp-flex-hero__image-container\">\n\t\t\t\t<img decoding=\"async\" class=\"ehp-image__img ehp-flex-hero__img has-shape-sharp shape-type-image\" src=\"https:\/\/www.romainnattier.fr\/wp-content\/uploads\/2025\/12\/2025-08-12_14-04-36_793-scaled.jpeg\" title=\"2025-08-12_14-04-36_793\" alt=\"2025-08-12_14-04-36_793\" loading=\"lazy\" \/>\t\t\t<\/div>\n\t\t\t\t\t<\/div>\n\t\t\t\t<\/div>\n\t\t\t\t\t\t<\/div>\n\t\t\t\t<\/div>\n\t\t\t\t<\/div>\n\t\t\t\t\t<\/div>\n\t\t\t\t<\/div>\n\t\t<div class=\"elementor-element elementor-element-38a4b21 e-flex e-con-boxed e-con e-parent\" data-id=\"38a4b21\" data-element_type=\"container\">\n\t\t\t\t\t<div class=\"e-con-inner\">\n\t\t<div class=\"elementor-element elementor-element-1534301 e-grid e-con-full e-con e-child\" data-id=\"1534301\" data-element_type=\"container\">\n\t\t\t\t<div class=\"elementor-element elementor-element-0a52bc4 elementor-widget__width-initial elementor-widget-mobile__width-initial elementor-widget elementor-widget-flex-hero\" data-id=\"0a52bc4\" data-element_type=\"widget\" data-settings=\"{&quot;layout_image_position&quot;:&quot;start&quot;,&quot;layout_preset&quot;:&quot;showcase&quot;,&quot;layout_column_structure&quot;:&quot;50-50&quot;,&quot;image_shape&quot;:&quot;sharp&quot;,&quot;box_shape&quot;:&quot;sharp&quot;}\" data-widget_type=\"flex-hero.default\">\n\t\t\t\t<div class=\"elementor-widget-container\">\n\t\t\t\t\t\t\t<div class=\"has-shape-sharp shape-type-box has-column-structure-50-50  ehp-flex-hero has-layout-preset-showcase has-image-position-start\">\n\t\t\t\t\t\t<div class=\"ehp-flex-hero__overlay\"><\/div>\n\t\t\t<div class=\"ehp-flex-hero__content-container\">\n\t\t\t\t<h2 class=\"ehp-flex-hero__intro\">C'est Luxe<\/h2><p class=\"ehp-flex-hero__subheading\">Apr\u00e8s une p\u00e9riode o\u00f9 la photographie s\u2019\u00e9tait effac\u00e9e dans la routine, l\u2019achat inattendu d\u2019un simple Leica C-Lux2 \u00e0 20 euros \u2014 petit, ancien, presque anodin \u2014 a raviv\u00e9 le regard et relanc\u00e9 l\u2019envie de photographier.<\/p>\t\t\t<div class=\"ehp-flex-hero__ctas-container\">\n\t\t\t\t\t\t<a class=\"ehp-button ehp-button--primary ehp-flex-hero__button ehp-flex-hero__button--primary is-type-link elementor-animation-shrink\" href=\"https:\/\/www.romainnattier.fr\/index.php\/cest-luxe\/\">\n\t\t\t\t\t<span class=\"ehp-button__text ehp-flex-hero__button-text ehp-flex-hero__button-text--primary\">\n\t\t\ten savoir +\t\t\t\t<\/a>\n\t\t\t\t\t\t\t\t\t<\/div>\n\t\t\t\t\t<\/div>\n\t\t\t\t<div class=\"ehp-flex-hero__image-wrapper\">\n\t\t\t\t\t<div class=\"ehp-image ehp-flex-hero__image-container\">\n\t\t\t\t<img decoding=\"async\" class=\"ehp-image__img ehp-flex-hero__img has-shape-sharp shape-type-image\" src=\"https:\/\/www.romainnattier.fr\/wp-content\/uploads\/2025\/12\/L1040543-scaled.jpg\" title=\"L1040543\" alt=\"L1040543\" loading=\"lazy\" \/>\t\t\t<\/div>\n\t\t\t\t\t<\/div>\n\t\t\t\t<\/div>\n\t\t\t\t\t\t<\/div>\n\t\t\t\t<\/div>\n\t\t\t\t<div class=\"elementor-element elementor-element-4edfc8a elementor-widget__width-initial elementor-widget-mobile__width-initial elementor-widget elementor-widget-flex-hero\" data-id=\"4edfc8a\" data-element_type=\"widget\" data-settings=\"{&quot;layout_image_position&quot;:&quot;start&quot;,&quot;layout_preset&quot;:&quot;showcase&quot;,&quot;layout_column_structure&quot;:&quot;50-50&quot;,&quot;image_shape&quot;:&quot;sharp&quot;,&quot;box_shape&quot;:&quot;sharp&quot;}\" data-widget_type=\"flex-hero.default\">\n\t\t\t\t<div class=\"elementor-widget-container\">\n\t\t\t\t\t\t\t<div class=\"has-shape-sharp shape-type-box has-column-structure-50-50  ehp-flex-hero has-layout-preset-showcase has-image-position-start\">\n\t\t\t\t\t\t<div class=\"ehp-flex-hero__overlay\"><\/div>\n\t\t\t<div class=\"ehp-flex-hero__content-container\">\n\t\t\t\t<h2 class=\"ehp-flex-hero__intro\">Catch me<\/h2><p class=\"ehp-flex-hero__subheading\">\u00ab CATCH ME \u00bb est ma premi\u00e8re s\u00e9rie photographique sportive, n\u00e9e au gala de catch de Soissons, o\u00f9 j\u2019explore avec un regard brut et sinc\u00e8re la fronti\u00e8re entre combat et spectacle<\/p>\t\t\t<div class=\"ehp-flex-hero__ctas-container\">\n\t\t\t\t\t\t<a class=\"ehp-button ehp-button--primary ehp-flex-hero__button ehp-flex-hero__button--primary is-type-link elementor-animation-shrink\" href=\"https:\/\/www.romainnattier.fr\/index.php\/collections-copy\/\">\n\t\t\t\t\t<span class=\"ehp-button__text ehp-flex-hero__button-text ehp-flex-hero__button-text--primary\">\n\t\t\ten savoir +\t\t\t\t<\/a>\n\t\t\t\t\t\t\t\t\t<\/div>\n\t\t\t\t\t<\/div>\n\t\t\t\t<div class=\"ehp-flex-hero__image-wrapper\">\n\t\t\t\t\t<div class=\"ehp-image ehp-flex-hero__image-container\">\n\t\t\t\t<img decoding=\"async\" class=\"ehp-image__img ehp-flex-hero__img has-shape-sharp shape-type-image\" src=\"https:\/\/www.romainnattier.fr\/wp-content\/uploads\/2025\/12\/P1289570-3.jpg\" title=\"P1289570-3\" alt=\"P1289570-3\" loading=\"lazy\" \/>\t\t\t<\/div>\n\t\t\t\t\t<\/div>\n\t\t\t\t<\/div>\n\t\t\t\t\t\t<\/div>\n\t\t\t\t<\/div>\n\t\t\t\t<\/div>\n\t\t\t\t\t<\/div>\n\t\t\t\t<\/div>\n\t\t<div class=\"elementor-element elementor-element-35df3b3 e-flex e-con-boxed e-con e-parent\" data-id=\"35df3b3\" data-element_type=\"container\">\n\t\t\t\t\t<div class=\"e-con-inner\">\n\t\t<div class=\"elementor-element elementor-element-2251a3b e-grid e-con-full e-con e-child\" data-id=\"2251a3b\" data-element_type=\"container\">\n\t\t\t\t<div class=\"elementor-element elementor-element-0c081bf elementor-widget__width-initial elementor-widget-mobile__width-initial elementor-widget elementor-widget-flex-hero\" data-id=\"0c081bf\" data-element_type=\"widget\" data-settings=\"{&quot;layout_image_position&quot;:&quot;start&quot;,&quot;layout_preset&quot;:&quot;showcase&quot;,&quot;layout_column_structure&quot;:&quot;50-50&quot;,&quot;image_shape&quot;:&quot;sharp&quot;,&quot;box_shape&quot;:&quot;sharp&quot;}\" data-widget_type=\"flex-hero.default\">\n\t\t\t\t<div class=\"elementor-widget-container\">\n\t\t\t\t\t\t\t<div class=\"has-shape-sharp shape-type-box has-column-structure-50-50  ehp-flex-hero has-layout-preset-showcase has-image-position-start\">\n\t\t\t\t\t\t<div class=\"ehp-flex-hero__overlay\"><\/div>\n\t\t\t<div class=\"ehp-flex-hero__content-container\">\n\t\t\t\t<h2 class=\"ehp-flex-hero__intro\">3\u00e8me \u00e9tage<\/h2><p class=\"ehp-flex-hero__subheading\">3\u00e8me \u00e9tage est une s\u00e9rie intime capturant, \u00e0 travers l\u2019objectif  18 mois de ma vie au c\u0153ur du 3\u00e8me \u00e9tage du Centre Hospitalier de Compi\u00e8gne, entre fragilit\u00e9, force et r\u00e9silience.<\/p>\t\t\t<div class=\"ehp-flex-hero__ctas-container\">\n\t\t\t\t\t\t<a class=\"ehp-button ehp-button--primary ehp-flex-hero__button ehp-flex-hero__button--primary is-type-link elementor-animation-shrink\" href=\"https:\/\/www.romainnattier.fr\/index.php\/3eme-etage\">\n\t\t\t\t\t<span class=\"ehp-button__text ehp-flex-hero__button-text ehp-flex-hero__button-text--primary\">\n\t\t\ten savoir +\t\t\t\t<\/a>\n\t\t\t\t\t\t\t\t\t<\/div>\n\t\t\t\t\t<\/div>\n\t\t\t\t<div class=\"ehp-flex-hero__image-wrapper\">\n\t\t\t\t\t<div class=\"ehp-image ehp-flex-hero__image-container\">\n\t\t\t\t<img decoding=\"async\" class=\"ehp-image__img ehp-flex-hero__img has-shape-sharp shape-type-image\" src=\"https:\/\/www.romainnattier.fr\/wp-content\/uploads\/2025\/12\/P5311485-scaled.jpg\" title=\"OLYMPUS DIGITAL CAMERA\" alt=\"Monter\" loading=\"lazy\" \/>\t\t\t<\/div>\n\t\t\t\t\t<\/div>\n\t\t\t\t<\/div>\n\t\t\t\t\t\t<\/div>\n\t\t\t\t<\/div>\n\t\t\t\t<\/div>\n\t\t\t\t\t<\/div>\n\t\t\t\t<\/div>\n\t\t\t\t<\/div>\n\t\t","protected":false},"excerpt":{"rendered":"<p>Portfolio Paris street \u201cPARIS STREET\u201d est une s\u00e9rie photographique intuitive et vibrante qui capture, au fil d\u2019une journ\u00e9e parisienne v\u00e9cue en famille, l\u2019\u00e9nergie du quotidien en savoir + A quand la mer \u201c\u00c0 quand la mer ?\u201d est une s\u00e9rie photographique estivale, color\u00e9e et l\u00e9g\u00e8rement ironique qui observe avec tendresse le quotidien des plages normandes [&hellip;]<\/p>\n","protected":false},"author":1,"featured_media":0,"parent":0,"menu_order":0,"comment_status":"closed","ping_status":"closed","template":"","meta":{"footnotes":""},"class_list":["post-25","page","type-page","status-publish","hentry"],"_links":{"self":[{"href":"https:\/\/www.romainnattier.fr\/index.php\/wp-json\/wp\/v2\/pages\/25","targetHints":{"allow":["GET"]}}],"collection":[{"href":"https:\/\/www.romainnattier.fr\/index.php\/wp-json\/wp\/v2\/pages"}],"about":[{"href":"https:\/\/www.romainnattier.fr\/index.php\/wp-json\/wp\/v2\/types\/page"}],"author":[{"embeddable":true,"href":"https:\/\/www.romainnattier.fr\/index.php\/wp-json\/wp\/v2\/users\/1"}],"replies":[{"embeddable":true,"href":"https:\/\/www.romainnattier.fr\/index.php\/wp-json\/wp\/v2\/comments?post=25"}],"version-history":[{"count":34,"href":"https:\/\/www.romainnattier.fr\/index.php\/wp-json\/wp\/v2\/pages\/25\/revisions"}],"predecessor-version":[{"id":343,"href":"https:\/\/www.romainnattier.fr\/index.php\/wp-json\/wp\/v2\/pages\/25\/revisions\/343"}],"wp:attachment":[{"href":"https:\/\/www.romainnattier.fr\/index.php\/wp-json\/wp\/v2\/media?parent=25"}],"curies":[{"name":"wp","href":"https:\/\/api.w.org\/{rel}","templated":true}]}}