{"id":268,"date":"2025-12-19T22:43:34","date_gmt":"2025-12-19T22:43:34","guid":{"rendered":"https:\/\/www.romainnattier.fr\/?page_id=268"},"modified":"2025-12-19T22:47:09","modified_gmt":"2025-12-19T22:47:09","slug":"paris-street","status":"publish","type":"page","link":"https:\/\/www.romainnattier.fr\/index.php\/paris-street\/","title":{"rendered":"Paris street"},"content":{"rendered":"\t\t<div data-elementor-type=\"wp-page\" data-elementor-id=\"268\" class=\"elementor elementor-268\">\n\t\t\t\t<div class=\"elementor-element elementor-element-7f0f5ee e-flex e-con-boxed e-con e-parent\" data-id=\"7f0f5ee\" data-element_type=\"container\">\n\t\t\t\t\t<div class=\"e-con-inner\">\n\t\t\t\t<div class=\"elementor-element elementor-element-dc9ec2f elementor-widget elementor-widget-image\" data-id=\"dc9ec2f\" data-element_type=\"widget\" data-widget_type=\"image.default\">\n\t\t\t\t\t\t\t\t\t\t\t\t<figure class=\"wp-caption\">\n\t\t\t\t\t\t\t\t\t\t<img fetchpriority=\"high\" decoding=\"async\" width=\"2048\" height=\"1365\" src=\"https:\/\/www.romainnattier.fr\/wp-content\/uploads\/2025\/12\/P1000950.jpg\" class=\"attachment-full size-full wp-image-275\" alt=\"\" srcset=\"https:\/\/www.romainnattier.fr\/wp-content\/uploads\/2025\/12\/P1000950.jpg 2048w, https:\/\/www.romainnattier.fr\/wp-content\/uploads\/2025\/12\/P1000950-300x200.jpg 300w, https:\/\/www.romainnattier.fr\/wp-content\/uploads\/2025\/12\/P1000950-1024x683.jpg 1024w, https:\/\/www.romainnattier.fr\/wp-content\/uploads\/2025\/12\/P1000950-768x512.jpg 768w, https:\/\/www.romainnattier.fr\/wp-content\/uploads\/2025\/12\/P1000950-1536x1024.jpg 1536w\" sizes=\"(max-width: 2048px) 100vw, 2048px\" \/>\t\t\t\t\t\t\t\t\t\t\t<figcaption class=\"widget-image-caption wp-caption-text\">Paris Street<\/figcaption>\n\t\t\t\t\t\t\t\t\t\t<\/figure>\n\t\t\t\t\t\t\t\t\t<\/div>\n\t\t\t\t\t<\/div>\n\t\t\t\t<\/div>\n\t\t<div class=\"elementor-element elementor-element-46a144d e-flex e-con-boxed e-con e-parent\" data-id=\"46a144d\" data-element_type=\"container\">\n\t\t\t\t\t<div class=\"e-con-inner\">\n\t\t<div class=\"elementor-element elementor-element-6bbaf67 e-grid e-con-full e-con e-child\" data-id=\"6bbaf67\" data-element_type=\"container\">\n\t\t\t\t<div class=\"elementor-element elementor-element-c0f44d8 elementor-widget elementor-widget-text-editor\" data-id=\"c0f44d8\" data-element_type=\"widget\" data-widget_type=\"text-editor.default\">\n\t\t\t\t\t\t\t\t\t<p><strong style=\"letter-spacing: 0.1px;\" data-start=\"119\" data-end=\"137\">\u201cPARIS STREET\u201d<\/strong><span style=\"letter-spacing: 0.1px;\"> est une s\u00e9rie photographique captur\u00e9e au cours d\u2019une journ\u00e9e en famille \u00e0 Paris, marqu\u00e9e par la d\u00e9couverte d\u2019un nouveau bo\u00eetier et le regard frais qu\u2019il apporte. Entre d\u00e9ambulations urbaines, instants vol\u00e9s et sc\u00e8nes du quotidien, cette s\u00e9rie raconte une <\/span><strong style=\"letter-spacing: 0.1px;\" data-start=\"393\" data-end=\"415\">journ\u00e9e parisienne<\/strong><span style=\"letter-spacing: 0.1px;\"> telle qu\u2019on la vit : vibrante, lumineuse, pleine de mouvement.<\/span><\/p><p data-start=\"480\" data-end=\"853\">De la balade en <strong data-start=\"496\" data-end=\"513\">bateau-mouche<\/strong> aux rues anim\u00e9es, en passant par une photo saisie dans le <strong data-start=\"572\" data-end=\"581\">m\u00e9tro<\/strong>, la s\u00e9rie met en sc\u00e8ne <strong data-start=\"605\" data-end=\"650\">Parisiens, touristes, t\u00e9l\u00e9phones, selfies<\/strong>, et ces petits moments ordinaires qui composent l\u2019\u00e9nergie unique de la capitale. Les <strong data-start=\"736\" data-end=\"754\">couleurs vives<\/strong> et le rythme spontan\u00e9 des prises de vue donnent \u00e0 l\u2019ensemble une l\u00e9g\u00e8ret\u00e9 et un dynamisme assum\u00e9s.<\/p><p data-start=\"855\" data-end=\"1138\"><strong data-start=\"855\" data-end=\"873\">\u201cPARIS STREET\u201d<\/strong> est une exploration intuitive, presque ludique, de la ville. Une mani\u00e8re de saisir Paris dans sa diversit\u00e9, sa foule, ses gestes contemporains \u2014 un clin d\u2019\u0153il \u00e0 cette journ\u00e9e simple mais inspirante o\u00f9 l\u2019appareil photo devient le t\u00e9moin d\u2019un quotidien en mouvement.<\/p>\t\t\t\t\t\t\t\t<\/div>\n\t\t\t\t<div class=\"elementor-element elementor-element-599554c elementor-widget elementor-widget-image-gallery\" data-id=\"599554c\" data-element_type=\"widget\" data-widget_type=\"image-gallery.default\">\n\t\t\t\t\t\t\t<div class=\"elementor-image-gallery\">\n\t\t\t<div id='gallery-1' class='gallery galleryid-268 gallery-columns-4 gallery-size-thumbnail'><figure class='gallery-item'>\n\t\t\t<div class='gallery-icon landscape'>\n\t\t\t\t<a data-elementor-open-lightbox=\"yes\" data-elementor-lightbox-slideshow=\"599554c\" data-elementor-lightbox-title=\"P1021063\" data-e-action-hash=\"#elementor-action%3Aaction%3Dlightbox%26settings%3DeyJpZCI6MjcwLCJ1cmwiOiJodHRwczpcL1wvd3d3LnJvbWFpbm5hdHRpZXIuZnJcL3dwLWNvbnRlbnRcL3VwbG9hZHNcLzIwMjVcLzEyXC9QMTAyMTA2My5qcGciLCJzbGlkZXNob3ciOiI1OTk1NTRjIn0%3D\" href='https:\/\/www.romainnattier.fr\/wp-content\/uploads\/2025\/12\/P1021063.jpg'><img decoding=\"async\" width=\"150\" height=\"150\" src=\"https:\/\/www.romainnattier.fr\/wp-content\/uploads\/2025\/12\/P1021063-150x150.jpg\" class=\"attachment-thumbnail size-thumbnail\" alt=\"\" \/><\/a>\n\t\t\t<\/div><\/figure><figure class='gallery-item'>\n\t\t\t<div class='gallery-icon portrait'>\n\t\t\t\t<a data-elementor-open-lightbox=\"yes\" data-elementor-lightbox-slideshow=\"599554c\" data-elementor-lightbox-title=\"P1000974\" data-e-action-hash=\"#elementor-action%3Aaction%3Dlightbox%26settings%3DeyJpZCI6MjcxLCJ1cmwiOiJodHRwczpcL1wvd3d3LnJvbWFpbm5hdHRpZXIuZnJcL3dwLWNvbnRlbnRcL3VwbG9hZHNcLzIwMjVcLzEyXC9QMTAwMDk3NC5qcGciLCJzbGlkZXNob3ciOiI1OTk1NTRjIn0%3D\" href='https:\/\/www.romainnattier.fr\/wp-content\/uploads\/2025\/12\/P1000974.jpg'><img decoding=\"async\" width=\"150\" height=\"150\" src=\"https:\/\/www.romainnattier.fr\/wp-content\/uploads\/2025\/12\/P1000974-150x150.jpg\" class=\"attachment-thumbnail size-thumbnail\" alt=\"\" \/><\/a>\n\t\t\t<\/div><\/figure><figure class='gallery-item'>\n\t\t\t<div class='gallery-icon landscape'>\n\t\t\t\t<a data-elementor-open-lightbox=\"yes\" data-elementor-lightbox-slideshow=\"599554c\" data-elementor-lightbox-title=\"P1021014\" data-e-action-hash=\"#elementor-action%3Aaction%3Dlightbox%26settings%3DeyJpZCI6MjcyLCJ1cmwiOiJodHRwczpcL1wvd3d3LnJvbWFpbm5hdHRpZXIuZnJcL3dwLWNvbnRlbnRcL3VwbG9hZHNcLzIwMjVcLzEyXC9QMTAyMTAxNC5qcGciLCJzbGlkZXNob3ciOiI1OTk1NTRjIn0%3D\" href='https:\/\/www.romainnattier.fr\/wp-content\/uploads\/2025\/12\/P1021014.jpg'><img loading=\"lazy\" decoding=\"async\" width=\"150\" height=\"150\" src=\"https:\/\/www.romainnattier.fr\/wp-content\/uploads\/2025\/12\/P1021014-150x150.jpg\" class=\"attachment-thumbnail size-thumbnail\" alt=\"\" \/><\/a>\n\t\t\t<\/div><\/figure><figure class='gallery-item'>\n\t\t\t<div class='gallery-icon landscape'>\n\t\t\t\t<a data-elementor-open-lightbox=\"yes\" data-elementor-lightbox-slideshow=\"599554c\" data-elementor-lightbox-title=\"P1000972\" data-e-action-hash=\"#elementor-action%3Aaction%3Dlightbox%26settings%3DeyJpZCI6MjczLCJ1cmwiOiJodHRwczpcL1wvd3d3LnJvbWFpbm5hdHRpZXIuZnJcL3dwLWNvbnRlbnRcL3VwbG9hZHNcLzIwMjVcLzEyXC9QMTAwMDk3Mi5qcGciLCJzbGlkZXNob3ciOiI1OTk1NTRjIn0%3D\" href='https:\/\/www.romainnattier.fr\/wp-content\/uploads\/2025\/12\/P1000972.jpg'><img loading=\"lazy\" decoding=\"async\" width=\"150\" height=\"150\" src=\"https:\/\/www.romainnattier.fr\/wp-content\/uploads\/2025\/12\/P1000972-150x150.jpg\" class=\"attachment-thumbnail size-thumbnail\" alt=\"\" \/><\/a>\n\t\t\t<\/div><\/figure><figure class='gallery-item'>\n\t\t\t<div class='gallery-icon portrait'>\n\t\t\t\t<a data-elementor-open-lightbox=\"yes\" data-elementor-lightbox-slideshow=\"599554c\" data-elementor-lightbox-title=\"P1021027\" data-e-action-hash=\"#elementor-action%3Aaction%3Dlightbox%26settings%3DeyJpZCI6Mjc0LCJ1cmwiOiJodHRwczpcL1wvd3d3LnJvbWFpbm5hdHRpZXIuZnJcL3dwLWNvbnRlbnRcL3VwbG9hZHNcLzIwMjVcLzEyXC9QMTAyMTAyNy1zY2FsZWQuanBnIiwic2xpZGVzaG93IjoiNTk5NTU0YyJ9\" href='https:\/\/www.romainnattier.fr\/wp-content\/uploads\/2025\/12\/P1021027-scaled.jpg'><img loading=\"lazy\" decoding=\"async\" width=\"150\" height=\"150\" src=\"https:\/\/www.romainnattier.fr\/wp-content\/uploads\/2025\/12\/P1021027-150x150.jpg\" class=\"attachment-thumbnail size-thumbnail\" alt=\"\" \/><\/a>\n\t\t\t<\/div><\/figure><figure class='gallery-item'>\n\t\t\t<div class='gallery-icon landscape'>\n\t\t\t\t<a data-elementor-open-lightbox=\"yes\" data-elementor-lightbox-slideshow=\"599554c\" data-elementor-lightbox-title=\"P1000950\" data-e-action-hash=\"#elementor-action%3Aaction%3Dlightbox%26settings%3DeyJpZCI6Mjc1LCJ1cmwiOiJodHRwczpcL1wvd3d3LnJvbWFpbm5hdHRpZXIuZnJcL3dwLWNvbnRlbnRcL3VwbG9hZHNcLzIwMjVcLzEyXC9QMTAwMDk1MC5qcGciLCJzbGlkZXNob3ciOiI1OTk1NTRjIn0%3D\" href='https:\/\/www.romainnattier.fr\/wp-content\/uploads\/2025\/12\/P1000950.jpg'><img loading=\"lazy\" decoding=\"async\" width=\"150\" height=\"150\" src=\"https:\/\/www.romainnattier.fr\/wp-content\/uploads\/2025\/12\/P1000950-150x150.jpg\" class=\"attachment-thumbnail size-thumbnail\" alt=\"\" \/><\/a>\n\t\t\t<\/div><\/figure><figure class='gallery-item'>\n\t\t\t<div class='gallery-icon landscape'>\n\t\t\t\t<a data-elementor-open-lightbox=\"yes\" data-elementor-lightbox-slideshow=\"599554c\" data-elementor-lightbox-title=\"P1021036\" data-e-action-hash=\"#elementor-action%3Aaction%3Dlightbox%26settings%3DeyJpZCI6Mjc2LCJ1cmwiOiJodHRwczpcL1wvd3d3LnJvbWFpbm5hdHRpZXIuZnJcL3dwLWNvbnRlbnRcL3VwbG9hZHNcLzIwMjVcLzEyXC9QMTAyMTAzNi5qcGciLCJzbGlkZXNob3ciOiI1OTk1NTRjIn0%3D\" href='https:\/\/www.romainnattier.fr\/wp-content\/uploads\/2025\/12\/P1021036.jpg'><img loading=\"lazy\" decoding=\"async\" width=\"150\" height=\"150\" src=\"https:\/\/www.romainnattier.fr\/wp-content\/uploads\/2025\/12\/P1021036-150x150.jpg\" class=\"attachment-thumbnail size-thumbnail\" alt=\"\" \/><\/a>\n\t\t\t<\/div><\/figure><figure class='gallery-item'>\n\t\t\t<div class='gallery-icon landscape'>\n\t\t\t\t<a data-elementor-open-lightbox=\"yes\" data-elementor-lightbox-slideshow=\"599554c\" data-elementor-lightbox-title=\"P1000910\" data-e-action-hash=\"#elementor-action%3Aaction%3Dlightbox%26settings%3DeyJpZCI6Mjc3LCJ1cmwiOiJodHRwczpcL1wvd3d3LnJvbWFpbm5hdHRpZXIuZnJcL3dwLWNvbnRlbnRcL3VwbG9hZHNcLzIwMjVcLzEyXC9QMTAwMDkxMC5qcGciLCJzbGlkZXNob3ciOiI1OTk1NTRjIn0%3D\" href='https:\/\/www.romainnattier.fr\/wp-content\/uploads\/2025\/12\/P1000910.jpg'><img loading=\"lazy\" decoding=\"async\" width=\"150\" height=\"150\" src=\"https:\/\/www.romainnattier.fr\/wp-content\/uploads\/2025\/12\/P1000910-150x150.jpg\" class=\"attachment-thumbnail size-thumbnail\" alt=\"\" \/><\/a>\n\t\t\t<\/div><\/figure><figure class='gallery-item'>\n\t\t\t<div class='gallery-icon landscape'>\n\t\t\t\t<a data-elementor-open-lightbox=\"yes\" data-elementor-lightbox-slideshow=\"599554c\" data-elementor-lightbox-title=\"P1001008\" data-e-action-hash=\"#elementor-action%3Aaction%3Dlightbox%26settings%3DeyJpZCI6Mjc4LCJ1cmwiOiJodHRwczpcL1wvd3d3LnJvbWFpbm5hdHRpZXIuZnJcL3dwLWNvbnRlbnRcL3VwbG9hZHNcLzIwMjVcLzEyXC9QMTAwMTAwOC5qcGciLCJzbGlkZXNob3ciOiI1OTk1NTRjIn0%3D\" href='https:\/\/www.romainnattier.fr\/wp-content\/uploads\/2025\/12\/P1001008.jpg'><img loading=\"lazy\" decoding=\"async\" width=\"150\" height=\"150\" src=\"https:\/\/www.romainnattier.fr\/wp-content\/uploads\/2025\/12\/P1001008-150x150.jpg\" class=\"attachment-thumbnail size-thumbnail\" alt=\"\" \/><\/a>\n\t\t\t<\/div><\/figure><figure class='gallery-item'>\n\t\t\t<div class='gallery-icon landscape'>\n\t\t\t\t<a data-elementor-open-lightbox=\"yes\" data-elementor-lightbox-slideshow=\"599554c\" data-elementor-lightbox-title=\"P1021025\" data-e-action-hash=\"#elementor-action%3Aaction%3Dlightbox%26settings%3DeyJpZCI6Mjc5LCJ1cmwiOiJodHRwczpcL1wvd3d3LnJvbWFpbm5hdHRpZXIuZnJcL3dwLWNvbnRlbnRcL3VwbG9hZHNcLzIwMjVcLzEyXC9QMTAyMTAyNS5qcGciLCJzbGlkZXNob3ciOiI1OTk1NTRjIn0%3D\" href='https:\/\/www.romainnattier.fr\/wp-content\/uploads\/2025\/12\/P1021025.jpg'><img loading=\"lazy\" decoding=\"async\" width=\"150\" height=\"150\" src=\"https:\/\/www.romainnattier.fr\/wp-content\/uploads\/2025\/12\/P1021025-150x150.jpg\" class=\"attachment-thumbnail size-thumbnail\" alt=\"\" \/><\/a>\n\t\t\t<\/div><\/figure><figure class='gallery-item'>\n\t\t\t<div class='gallery-icon landscape'>\n\t\t\t\t<a data-elementor-open-lightbox=\"yes\" data-elementor-lightbox-slideshow=\"599554c\" data-elementor-lightbox-title=\"P1021062\" data-e-action-hash=\"#elementor-action%3Aaction%3Dlightbox%26settings%3DeyJpZCI6MjgwLCJ1cmwiOiJodHRwczpcL1wvd3d3LnJvbWFpbm5hdHRpZXIuZnJcL3dwLWNvbnRlbnRcL3VwbG9hZHNcLzIwMjVcLzEyXC9QMTAyMTA2Mi5qcGciLCJzbGlkZXNob3ciOiI1OTk1NTRjIn0%3D\" href='https:\/\/www.romainnattier.fr\/wp-content\/uploads\/2025\/12\/P1021062.jpg'><img loading=\"lazy\" decoding=\"async\" width=\"150\" height=\"150\" src=\"https:\/\/www.romainnattier.fr\/wp-content\/uploads\/2025\/12\/P1021062-150x150.jpg\" class=\"attachment-thumbnail size-thumbnail\" alt=\"\" \/><\/a>\n\t\t\t<\/div><\/figure><figure class='gallery-item'>\n\t\t\t<div class='gallery-icon landscape'>\n\t\t\t\t<a data-elementor-open-lightbox=\"yes\" data-elementor-lightbox-slideshow=\"599554c\" data-elementor-lightbox-title=\"P1001002\" data-e-action-hash=\"#elementor-action%3Aaction%3Dlightbox%26settings%3DeyJpZCI6MjgxLCJ1cmwiOiJodHRwczpcL1wvd3d3LnJvbWFpbm5hdHRpZXIuZnJcL3dwLWNvbnRlbnRcL3VwbG9hZHNcLzIwMjVcLzEyXC9QMTAwMTAwMi5qcGciLCJzbGlkZXNob3ciOiI1OTk1NTRjIn0%3D\" href='https:\/\/www.romainnattier.fr\/wp-content\/uploads\/2025\/12\/P1001002.jpg'><img loading=\"lazy\" decoding=\"async\" width=\"150\" height=\"150\" src=\"https:\/\/www.romainnattier.fr\/wp-content\/uploads\/2025\/12\/P1001002-150x150.jpg\" class=\"attachment-thumbnail size-thumbnail\" alt=\"\" \/><\/a>\n\t\t\t<\/div><\/figure>\n\t\t<\/div>\n\t\t<\/div>\n\t\t\t\t\t\t<\/div>\n\t\t\t\t<\/div>\n\t\t\t\t\t<\/div>\n\t\t\t\t<\/div>\n\t\t\t\t<\/div>\n\t\t","protected":false},"excerpt":{"rendered":"<p>Paris Street \u201cPARIS STREET\u201d est une s\u00e9rie photographique captur\u00e9e au cours d\u2019une journ\u00e9e en famille \u00e0 Paris, marqu\u00e9e par la d\u00e9couverte d\u2019un nouveau bo\u00eetier et le regard frais qu\u2019il apporte. Entre d\u00e9ambulations urbaines, instants vol\u00e9s et sc\u00e8nes du quotidien, cette s\u00e9rie raconte une journ\u00e9e parisienne telle qu\u2019on la vit : vibrante, lumineuse, pleine de mouvement. [&hellip;]<\/p>\n","protected":false},"author":1,"featured_media":280,"parent":0,"menu_order":0,"comment_status":"closed","ping_status":"closed","template":"","meta":{"footnotes":""},"class_list":["post-268","page","type-page","status-publish","has-post-thumbnail","hentry"],"_links":{"self":[{"href":"https:\/\/www.romainnattier.fr\/index.php\/wp-json\/wp\/v2\/pages\/268","targetHints":{"allow":["GET"]}}],"collection":[{"href":"https:\/\/www.romainnattier.fr\/index.php\/wp-json\/wp\/v2\/pages"}],"about":[{"href":"https:\/\/www.romainnattier.fr\/index.php\/wp-json\/wp\/v2\/types\/page"}],"author":[{"embeddable":true,"href":"https:\/\/www.romainnattier.fr\/index.php\/wp-json\/wp\/v2\/users\/1"}],"replies":[{"embeddable":true,"href":"https:\/\/www.romainnattier.fr\/index.php\/wp-json\/wp\/v2\/comments?post=268"}],"version-history":[{"count":7,"href":"https:\/\/www.romainnattier.fr\/index.php\/wp-json\/wp\/v2\/pages\/268\/revisions"}],"predecessor-version":[{"id":287,"href":"https:\/\/www.romainnattier.fr\/index.php\/wp-json\/wp\/v2\/pages\/268\/revisions\/287"}],"wp:featuredmedia":[{"embeddable":true,"href":"https:\/\/www.romainnattier.fr\/index.php\/wp-json\/wp\/v2\/media\/280"}],"wp:attachment":[{"href":"https:\/\/www.romainnattier.fr\/index.php\/wp-json\/wp\/v2\/media?parent=268"}],"curies":[{"name":"wp","href":"https:\/\/api.w.org\/{rel}","templated":true}]}}