{"id":307,"date":"2025-12-19T23:11:43","date_gmt":"2025-12-19T23:11:43","guid":{"rendered":"https:\/\/www.romainnattier.fr\/?page_id=307"},"modified":"2025-12-19T23:37:03","modified_gmt":"2025-12-19T23:37:03","slug":"3eme-etage","status":"publish","type":"page","link":"https:\/\/www.romainnattier.fr\/index.php\/3eme-etage\/","title":{"rendered":"3\u00e8me \u00e9tage"},"content":{"rendered":"\t\t<div data-elementor-type=\"wp-page\" data-elementor-id=\"307\" class=\"elementor elementor-307\">\n\t\t\t\t<div class=\"elementor-element elementor-element-7f0f5ee e-flex e-con-boxed e-con e-parent\" data-id=\"7f0f5ee\" data-element_type=\"container\">\n\t\t\t\t\t<div class=\"e-con-inner\">\n\t\t\t\t<div class=\"elementor-element elementor-element-dc9ec2f elementor-widget elementor-widget-image\" data-id=\"dc9ec2f\" data-element_type=\"widget\" data-widget_type=\"image.default\">\n\t\t\t\t\t\t\t\t\t\t\t\t<figure class=\"wp-caption\">\n\t\t\t\t\t\t\t\t\t\t<img fetchpriority=\"high\" decoding=\"async\" width=\"2560\" height=\"1920\" src=\"https:\/\/www.romainnattier.fr\/wp-content\/uploads\/2025\/12\/P5160979-scaled.jpg\" class=\"attachment-full size-full wp-image-139\" alt=\"\" srcset=\"https:\/\/www.romainnattier.fr\/wp-content\/uploads\/2025\/12\/P5160979-scaled.jpg 2560w, https:\/\/www.romainnattier.fr\/wp-content\/uploads\/2025\/12\/P5160979-300x225.jpg 300w, https:\/\/www.romainnattier.fr\/wp-content\/uploads\/2025\/12\/P5160979-1024x768.jpg 1024w, https:\/\/www.romainnattier.fr\/wp-content\/uploads\/2025\/12\/P5160979-768x576.jpg 768w, https:\/\/www.romainnattier.fr\/wp-content\/uploads\/2025\/12\/P5160979-1536x1152.jpg 1536w, https:\/\/www.romainnattier.fr\/wp-content\/uploads\/2025\/12\/P5160979-2048x1536.jpg 2048w\" sizes=\"(max-width: 2560px) 100vw, 2560px\" \/>\t\t\t\t\t\t\t\t\t\t\t<figcaption class=\"widget-image-caption wp-caption-text\">3\u00e8me \u00e9tage<\/figcaption>\n\t\t\t\t\t\t\t\t\t\t<\/figure>\n\t\t\t\t\t\t\t\t\t<\/div>\n\t\t\t\t\t<\/div>\n\t\t\t\t<\/div>\n\t\t<div class=\"elementor-element elementor-element-46a144d e-flex e-con-boxed e-con e-parent\" data-id=\"46a144d\" data-element_type=\"container\">\n\t\t\t\t\t<div class=\"e-con-inner\">\n\t\t<div class=\"elementor-element elementor-element-6bbaf67 e-grid e-con-full e-con e-child\" data-id=\"6bbaf67\" data-element_type=\"container\">\n\t\t\t\t<div class=\"elementor-element elementor-element-c0f44d8 elementor-widget elementor-widget-text-editor\" data-id=\"c0f44d8\" data-element_type=\"widget\" data-widget_type=\"text-editor.default\">\n\t\t\t\t\t\t\t\t\t<p>Cancer. Un mot qui \u00e9voque pour certains un signe astrologique ou un crustac\u00e9. Mais pour moi, ce sont 18 mois de ma vie, partag\u00e9s entre peur, espoir, et r\u00e9silience, v\u00e9cus \u00e0 travers tes yeux et captur\u00e9s \u00e0 travers mon objectif.<\/p><p>Le 3\u00e8me \u00e9tage du Centre Hospitalier de Compi\u00e8gne \u00e9tait devenu ma seconde maison, une r\u00e9sidence secondaire o\u00f9 chaque couloir, chaque chambre, portait une histoire. Cette s\u00e9rie photo est le t\u00e9moignage de ces instants suspendus, de ces moments o\u00f9 l\u2019on apprend \u00e0 voir la vie autrement, m\u00eame dans l\u2019adversit\u00e9.<\/p><p>\u00c0 travers ces clich\u00e9s, je partage un quotidien m\u00eal\u00e9 de fragilit\u00e9 et de force, avec pour fil conducteur l\u2019amour, la lumi\u00e8re et une qu\u00eate de sens au milieu des \u00e9preuves.<\/p>\t\t\t\t\t\t\t\t<\/div>\n\t\t\t\t<div class=\"elementor-element elementor-element-599554c elementor-widget elementor-widget-image-gallery\" data-id=\"599554c\" data-element_type=\"widget\" data-widget_type=\"image-gallery.default\">\n\t\t\t\t\t\t\t<div class=\"elementor-image-gallery\">\n\t\t\t<div id='gallery-1' class='gallery galleryid-307 gallery-columns-5 gallery-size-thumbnail'><figure class='gallery-item'>\n\t\t\t<div class='gallery-icon portrait'>\n\t\t\t\t<a data-elementor-open-lightbox=\"yes\" data-elementor-lightbox-slideshow=\"599554c\" data-elementor-lightbox-title=\"OLYMPUS DIGITAL CAMERA\" data-e-action-hash=\"#elementor-action%3Aaction%3Dlightbox%26settings%3DeyJpZCI6MTQ5LCJ1cmwiOiJodHRwczpcL1wvd3d3LnJvbWFpbm5hdHRpZXIuZnJcL3dwLWNvbnRlbnRcL3VwbG9hZHNcLzIwMjVcLzEyXC9QNTMxMTQ4NS1zY2FsZWQuanBnIiwic2xpZGVzaG93IjoiNTk5NTU0YyJ9\" href='https:\/\/www.romainnattier.fr\/wp-content\/uploads\/2025\/12\/P5311485-scaled.jpg'><img decoding=\"async\" width=\"150\" height=\"150\" src=\"https:\/\/www.romainnattier.fr\/wp-content\/uploads\/2025\/12\/P5311485-150x150.jpg\" class=\"attachment-thumbnail size-thumbnail\" alt=\"\" aria-describedby=\"gallery-1-149\" \/><\/a>\n\t\t\t<\/div>\n\t\t\t\t<figcaption class='wp-caption-text gallery-caption' id='gallery-1-149'>\n\t\t\t\tMonter\n\t\t\t\t<\/figcaption><\/figure><figure class='gallery-item'>\n\t\t\t<div class='gallery-icon landscape'>\n\t\t\t\t<a data-elementor-open-lightbox=\"yes\" data-elementor-lightbox-slideshow=\"599554c\" data-elementor-lightbox-title=\"OLYMPUS DIGITAL CAMERA\" data-e-action-hash=\"#elementor-action%3Aaction%3Dlightbox%26settings%3DeyJpZCI6MTM2LCJ1cmwiOiJodHRwczpcL1wvd3d3LnJvbWFpbm5hdHRpZXIuZnJcL3dwLWNvbnRlbnRcL3VwbG9hZHNcLzIwMjVcLzEyXC9QNTAyMDQ3Mi1zY2FsZWQuanBnIiwic2xpZGVzaG93IjoiNTk5NTU0YyJ9\" href='https:\/\/www.romainnattier.fr\/wp-content\/uploads\/2025\/12\/P5020472-scaled.jpg'><img decoding=\"async\" width=\"150\" height=\"150\" src=\"https:\/\/www.romainnattier.fr\/wp-content\/uploads\/2025\/12\/P5020472-150x150.jpg\" class=\"attachment-thumbnail size-thumbnail\" alt=\"\" aria-describedby=\"gallery-1-136\" \/><\/a>\n\t\t\t<\/div>\n\t\t\t\t<figcaption class='wp-caption-text gallery-caption' id='gallery-1-136'>\n\t\t\t\tPatienter\n\t\t\t\t<\/figcaption><\/figure><figure class='gallery-item'>\n\t\t\t<div class='gallery-icon landscape'>\n\t\t\t\t<a data-elementor-open-lightbox=\"yes\" data-elementor-lightbox-slideshow=\"599554c\" data-elementor-lightbox-title=\"OLYMPUS DIGITAL CAMERA\" data-e-action-hash=\"#elementor-action%3Aaction%3Dlightbox%26settings%3DeyJpZCI6MTQ0LCJ1cmwiOiJodHRwczpcL1wvd3d3LnJvbWFpbm5hdHRpZXIuZnJcL3dwLWNvbnRlbnRcL3VwbG9hZHNcLzIwMjVcLzEyXC9QNTIzMTI5MS1zY2FsZWQuanBnIiwic2xpZGVzaG93IjoiNTk5NTU0YyJ9\" href='https:\/\/www.romainnattier.fr\/wp-content\/uploads\/2025\/12\/P5231291-scaled.jpg'><img loading=\"lazy\" decoding=\"async\" width=\"150\" height=\"150\" src=\"https:\/\/www.romainnattier.fr\/wp-content\/uploads\/2025\/12\/P5231291-150x150.jpg\" class=\"attachment-thumbnail size-thumbnail\" alt=\"\" aria-describedby=\"gallery-1-144\" \/><\/a>\n\t\t\t<\/div>\n\t\t\t\t<figcaption class='wp-caption-text gallery-caption' id='gallery-1-144'>\n\t\t\t\tPatienter encore\n\t\t\t\t<\/figcaption><\/figure><figure class='gallery-item'>\n\t\t\t<div class='gallery-icon portrait'>\n\t\t\t\t<a data-elementor-open-lightbox=\"yes\" data-elementor-lightbox-slideshow=\"599554c\" data-elementor-lightbox-title=\"OLYMPUS DIGITAL CAMERA\" data-e-action-hash=\"#elementor-action%3Aaction%3Dlightbox%26settings%3DeyJpZCI6MTQ3LCJ1cmwiOiJodHRwczpcL1wvd3d3LnJvbWFpbm5hdHRpZXIuZnJcL3dwLWNvbnRlbnRcL3VwbG9hZHNcLzIwMjVcLzEyXC9QNTI1MTQ1Mi1zY2FsZWQuanBnIiwic2xpZGVzaG93IjoiNTk5NTU0YyJ9\" href='https:\/\/www.romainnattier.fr\/wp-content\/uploads\/2025\/12\/P5251452-scaled.jpg'><img loading=\"lazy\" decoding=\"async\" width=\"150\" height=\"150\" src=\"https:\/\/www.romainnattier.fr\/wp-content\/uploads\/2025\/12\/P5251452-150x150.jpg\" class=\"attachment-thumbnail size-thumbnail\" alt=\"\" aria-describedby=\"gallery-1-147\" \/><\/a>\n\t\t\t<\/div>\n\t\t\t\t<figcaption class='wp-caption-text gallery-caption' id='gallery-1-147'>\n\t\t\t\tMarcher\n\t\t\t\t<\/figcaption><\/figure><figure class='gallery-item'>\n\t\t\t<div class='gallery-icon landscape'>\n\t\t\t\t<a data-elementor-open-lightbox=\"yes\" data-elementor-lightbox-slideshow=\"599554c\" data-elementor-lightbox-title=\"OLYMPUS DIGITAL CAMERA\" data-e-action-hash=\"#elementor-action%3Aaction%3Dlightbox%26settings%3DeyJpZCI6MTQyLCJ1cmwiOiJodHRwczpcL1wvd3d3LnJvbWFpbm5hdHRpZXIuZnJcL3dwLWNvbnRlbnRcL3VwbG9hZHNcLzIwMjVcLzEyXC9QNTE5MTE0NS1zY2FsZWQuanBnIiwic2xpZGVzaG93IjoiNTk5NTU0YyJ9\" href='https:\/\/www.romainnattier.fr\/wp-content\/uploads\/2025\/12\/P5191145-scaled.jpg'><img loading=\"lazy\" decoding=\"async\" width=\"150\" height=\"150\" src=\"https:\/\/www.romainnattier.fr\/wp-content\/uploads\/2025\/12\/P5191145-150x150.jpg\" class=\"attachment-thumbnail size-thumbnail\" alt=\"\" aria-describedby=\"gallery-1-142\" \/><\/a>\n\t\t\t<\/div>\n\t\t\t\t<figcaption class='wp-caption-text gallery-caption' id='gallery-1-142'>\n\t\t\t\tTester\n\t\t\t\t<\/figcaption><\/figure><figure class='gallery-item'>\n\t\t\t<div class='gallery-icon landscape'>\n\t\t\t\t<a data-elementor-open-lightbox=\"yes\" data-elementor-lightbox-slideshow=\"599554c\" data-elementor-lightbox-title=\"OLYMPUS DIGITAL CAMERA\" data-e-action-hash=\"#elementor-action%3Aaction%3Dlightbox%26settings%3DeyJpZCI6MTQ4LCJ1cmwiOiJodHRwczpcL1wvd3d3LnJvbWFpbm5hdHRpZXIuZnJcL3dwLWNvbnRlbnRcL3VwbG9hZHNcLzIwMjVcLzEyXC9QNTI1MTQ2NC1zY2FsZWQuanBnIiwic2xpZGVzaG93IjoiNTk5NTU0YyJ9\" href='https:\/\/www.romainnattier.fr\/wp-content\/uploads\/2025\/12\/P5251464-scaled.jpg'><img loading=\"lazy\" decoding=\"async\" width=\"150\" height=\"150\" src=\"https:\/\/www.romainnattier.fr\/wp-content\/uploads\/2025\/12\/P5251464-150x150.jpg\" class=\"attachment-thumbnail size-thumbnail\" alt=\"\" aria-describedby=\"gallery-1-148\" \/><\/a>\n\t\t\t<\/div>\n\t\t\t\t<figcaption class='wp-caption-text gallery-caption' id='gallery-1-148'>\n\t\t\t\tSe soigner\n\t\t\t\t<\/figcaption><\/figure><figure class='gallery-item'>\n\t\t\t<div class='gallery-icon landscape'>\n\t\t\t\t<a data-elementor-open-lightbox=\"yes\" data-elementor-lightbox-slideshow=\"599554c\" data-elementor-lightbox-title=\"OLYMPUS DIGITAL CAMERA\" data-e-action-hash=\"#elementor-action%3Aaction%3Dlightbox%26settings%3DeyJpZCI6MTQwLCJ1cmwiOiJodHRwczpcL1wvd3d3LnJvbWFpbm5hdHRpZXIuZnJcL3dwLWNvbnRlbnRcL3VwbG9hZHNcLzIwMjVcLzEyXC9QNTE3MTA5Ni1zY2FsZWQuanBnIiwic2xpZGVzaG93IjoiNTk5NTU0YyJ9\" href='https:\/\/www.romainnattier.fr\/wp-content\/uploads\/2025\/12\/P5171096-scaled.jpg'><img loading=\"lazy\" decoding=\"async\" width=\"150\" height=\"150\" src=\"https:\/\/www.romainnattier.fr\/wp-content\/uploads\/2025\/12\/P5171096-150x150.jpg\" class=\"attachment-thumbnail size-thumbnail\" alt=\"\" aria-describedby=\"gallery-1-140\" \/><\/a>\n\t\t\t<\/div>\n\t\t\t\t<figcaption class='wp-caption-text gallery-caption' id='gallery-1-140'>\n\t\t\t\tManger\n\t\t\t\t<\/figcaption><\/figure><figure class='gallery-item'>\n\t\t\t<div class='gallery-icon landscape'>\n\t\t\t\t<a data-elementor-open-lightbox=\"yes\" data-elementor-lightbox-slideshow=\"599554c\" data-elementor-lightbox-title=\"OLYMPUS DIGITAL CAMERA\" data-e-action-hash=\"#elementor-action%3Aaction%3Dlightbox%26settings%3DeyJpZCI6MTQzLCJ1cmwiOiJodHRwczpcL1wvd3d3LnJvbWFpbm5hdHRpZXIuZnJcL3dwLWNvbnRlbnRcL3VwbG9hZHNcLzIwMjVcLzEyXC9QNTIwMTE5My1zY2FsZWQuanBnIiwic2xpZGVzaG93IjoiNTk5NTU0YyJ9\" href='https:\/\/www.romainnattier.fr\/wp-content\/uploads\/2025\/12\/P5201193-scaled.jpg'><img loading=\"lazy\" decoding=\"async\" width=\"150\" height=\"150\" src=\"https:\/\/www.romainnattier.fr\/wp-content\/uploads\/2025\/12\/P5201193-150x150.jpg\" class=\"attachment-thumbnail size-thumbnail\" alt=\"\" aria-describedby=\"gallery-1-143\" \/><\/a>\n\t\t\t<\/div>\n\t\t\t\t<figcaption class='wp-caption-text gallery-caption' id='gallery-1-143'>\n\t\t\t\tAimer\n\t\t\t\t<\/figcaption><\/figure><figure class='gallery-item'>\n\t\t\t<div class='gallery-icon landscape'>\n\t\t\t\t<a data-elementor-open-lightbox=\"yes\" data-elementor-lightbox-slideshow=\"599554c\" data-elementor-lightbox-title=\"OLYMPUS DIGITAL CAMERA\" data-e-action-hash=\"#elementor-action%3Aaction%3Dlightbox%26settings%3DeyJpZCI6MTQ2LCJ1cmwiOiJodHRwczpcL1wvd3d3LnJvbWFpbm5hdHRpZXIuZnJcL3dwLWNvbnRlbnRcL3VwbG9hZHNcLzIwMjVcLzEyXC9QNTIzMTI5Ny1zY2FsZWQuanBnIiwic2xpZGVzaG93IjoiNTk5NTU0YyJ9\" href='https:\/\/www.romainnattier.fr\/wp-content\/uploads\/2025\/12\/P5231297-scaled.jpg'><img loading=\"lazy\" decoding=\"async\" width=\"150\" height=\"150\" src=\"https:\/\/www.romainnattier.fr\/wp-content\/uploads\/2025\/12\/P5231297-150x150.jpg\" class=\"attachment-thumbnail size-thumbnail\" alt=\"\" aria-describedby=\"gallery-1-146\" \/><\/a>\n\t\t\t<\/div>\n\t\t\t\t<figcaption class='wp-caption-text gallery-caption' id='gallery-1-146'>\n\t\t\t\tDescendre\n\t\t\t\t<\/figcaption><\/figure><figure class='gallery-item'>\n\t\t\t<div class='gallery-icon landscape'>\n\t\t\t\t<a data-elementor-open-lightbox=\"yes\" data-elementor-lightbox-slideshow=\"599554c\" data-elementor-lightbox-title=\"s-evader\" data-e-action-hash=\"#elementor-action%3Aaction%3Dlightbox%26settings%3DeyJpZCI6MTUzLCJ1cmwiOiJodHRwczpcL1wvd3d3LnJvbWFpbm5hdHRpZXIuZnJcL3dwLWNvbnRlbnRcL3VwbG9hZHNcLzIwMjVcLzEyXC9zLWV2YWRlci5qcGciLCJzbGlkZXNob3ciOiI1OTk1NTRjIn0%3D\" href='https:\/\/www.romainnattier.fr\/wp-content\/uploads\/2025\/12\/s-evader.jpg'><img loading=\"lazy\" decoding=\"async\" width=\"150\" height=\"150\" src=\"https:\/\/www.romainnattier.fr\/wp-content\/uploads\/2025\/12\/s-evader-150x150.jpg\" class=\"attachment-thumbnail size-thumbnail\" alt=\"\" aria-describedby=\"gallery-1-153\" \/><\/a>\n\t\t\t<\/div>\n\t\t\t\t<figcaption class='wp-caption-text gallery-caption' id='gallery-1-153'>\n\t\t\t\tS&rsquo;\u00e9vader\n\t\t\t\t<\/figcaption><\/figure><figure class='gallery-item'>\n\t\t\t<div class='gallery-icon landscape'>\n\t\t\t\t<a data-elementor-open-lightbox=\"yes\" data-elementor-lightbox-slideshow=\"599554c\" data-elementor-lightbox-title=\"soigner\" data-e-action-hash=\"#elementor-action%3Aaction%3Dlightbox%26settings%3DeyJpZCI6MTU0LCJ1cmwiOiJodHRwczpcL1wvd3d3LnJvbWFpbm5hdHRpZXIuZnJcL3dwLWNvbnRlbnRcL3VwbG9hZHNcLzIwMjVcLzEyXC9zb2lnbmVyLmpwZyIsInNsaWRlc2hvdyI6IjU5OTU1NGMifQ%3D%3D\" href='https:\/\/www.romainnattier.fr\/wp-content\/uploads\/2025\/12\/soigner.jpg'><img loading=\"lazy\" decoding=\"async\" width=\"150\" height=\"150\" src=\"https:\/\/www.romainnattier.fr\/wp-content\/uploads\/2025\/12\/soigner-150x150.jpg\" class=\"attachment-thumbnail size-thumbnail\" alt=\"\" aria-describedby=\"gallery-1-154\" \/><\/a>\n\t\t\t<\/div>\n\t\t\t\t<figcaption class='wp-caption-text gallery-caption' id='gallery-1-154'>\n\t\t\t\tSouffrir\n\t\t\t\t<\/figcaption><\/figure><figure class='gallery-item'>\n\t\t\t<div class='gallery-icon landscape'>\n\t\t\t\t<a data-elementor-open-lightbox=\"yes\" data-elementor-lightbox-slideshow=\"599554c\" data-elementor-lightbox-title=\"Patienter\" data-e-action-hash=\"#elementor-action%3Aaction%3Dlightbox%26settings%3DeyJpZCI6MTUwLCJ1cmwiOiJodHRwczpcL1wvd3d3LnJvbWFpbm5hdHRpZXIuZnJcL3dwLWNvbnRlbnRcL3VwbG9hZHNcLzIwMjVcLzEyXC9QYXRpZW50ZXIuanBnIiwic2xpZGVzaG93IjoiNTk5NTU0YyJ9\" href='https:\/\/www.romainnattier.fr\/wp-content\/uploads\/2025\/12\/Patienter.jpg'><img loading=\"lazy\" decoding=\"async\" width=\"150\" height=\"150\" src=\"https:\/\/www.romainnattier.fr\/wp-content\/uploads\/2025\/12\/Patienter-150x150.jpg\" class=\"attachment-thumbnail size-thumbnail\" alt=\"\" aria-describedby=\"gallery-1-150\" \/><\/a>\n\t\t\t<\/div>\n\t\t\t\t<figcaption class='wp-caption-text gallery-caption' id='gallery-1-150'>\n\t\t\t\tPatienter\n\t\t\t\t<\/figcaption><\/figure><figure class='gallery-item'>\n\t\t\t<div class='gallery-icon landscape'>\n\t\t\t\t<a data-elementor-open-lightbox=\"yes\" data-elementor-lightbox-slideshow=\"599554c\" data-elementor-lightbox-title=\"OLYMPUS DIGITAL CAMERA\" data-e-action-hash=\"#elementor-action%3Aaction%3Dlightbox%26settings%3DeyJpZCI6MzM0LCJ1cmwiOiJodHRwczpcL1wvd3d3LnJvbWFpbm5hdHRpZXIuZnJcL3dwLWNvbnRlbnRcL3VwbG9hZHNcLzIwMjVcLzEyXC9QQzE0MzcwMi1zY2FsZWQuanBnIiwic2xpZGVzaG93IjoiNTk5NTU0YyJ9\" href='https:\/\/www.romainnattier.fr\/wp-content\/uploads\/2025\/12\/PC143702-scaled.jpg'><img loading=\"lazy\" decoding=\"async\" width=\"150\" height=\"150\" src=\"https:\/\/www.romainnattier.fr\/wp-content\/uploads\/2025\/12\/PC143702-150x150.jpg\" class=\"attachment-thumbnail size-thumbnail\" alt=\"\" aria-describedby=\"gallery-1-334\" \/><\/a>\n\t\t\t<\/div>\n\t\t\t\t<figcaption class='wp-caption-text gallery-caption' id='gallery-1-334'>\n\t\t\t\tS&rsquo;endormir\n\t\t\t\t<\/figcaption><\/figure><figure class='gallery-item'>\n\t\t\t<div class='gallery-icon portrait'>\n\t\t\t\t<a data-elementor-open-lightbox=\"yes\" data-elementor-lightbox-slideshow=\"599554c\" data-elementor-lightbox-title=\"R\u00eaver\" data-e-action-hash=\"#elementor-action%3Aaction%3Dlightbox%26settings%3DeyJpZCI6MTUxLCJ1cmwiOiJodHRwczpcL1wvd3d3LnJvbWFpbm5hdHRpZXIuZnJcL3dwLWNvbnRlbnRcL3VwbG9hZHNcLzIwMjVcLzEyXC9SZXZlci5qcGciLCJzbGlkZXNob3ciOiI1OTk1NTRjIn0%3D\" href='https:\/\/www.romainnattier.fr\/wp-content\/uploads\/2025\/12\/Rever.jpg'><img loading=\"lazy\" decoding=\"async\" width=\"150\" height=\"150\" src=\"https:\/\/www.romainnattier.fr\/wp-content\/uploads\/2025\/12\/Rever-150x150.jpg\" class=\"attachment-thumbnail size-thumbnail\" alt=\"\" aria-describedby=\"gallery-1-151\" \/><\/a>\n\t\t\t<\/div>\n\t\t\t\t<figcaption class='wp-caption-text gallery-caption' id='gallery-1-151'>\n\t\t\t\tPartir\n\t\t\t\t<\/figcaption><\/figure><figure class='gallery-item'>\n\t\t\t<div class='gallery-icon landscape'>\n\t\t\t\t<a data-elementor-open-lightbox=\"yes\" data-elementor-lightbox-slideshow=\"599554c\" data-elementor-lightbox-title=\"OLYMPUS DIGITAL CAMERA\" data-e-action-hash=\"#elementor-action%3Aaction%3Dlightbox%26settings%3DeyJpZCI6MTQ1LCJ1cmwiOiJodHRwczpcL1wvd3d3LnJvbWFpbm5hdHRpZXIuZnJcL3dwLWNvbnRlbnRcL3VwbG9hZHNcLzIwMjVcLzEyXC9QNTIzMTI5My1zY2FsZWQuanBnIiwic2xpZGVzaG93IjoiNTk5NTU0YyJ9\" href='https:\/\/www.romainnattier.fr\/wp-content\/uploads\/2025\/12\/P5231293-scaled.jpg'><img loading=\"lazy\" decoding=\"async\" width=\"150\" height=\"150\" src=\"https:\/\/www.romainnattier.fr\/wp-content\/uploads\/2025\/12\/P5231293-150x150.jpg\" class=\"attachment-thumbnail size-thumbnail\" alt=\"\" aria-describedby=\"gallery-1-145\" \/><\/a>\n\t\t\t<\/div>\n\t\t\t\t<figcaption class='wp-caption-text gallery-caption' id='gallery-1-145'>\n\t\t\t\tQuitter le 3\u00e8me \u00e9tage\n\t\t\t\t<\/figcaption><\/figure>\n\t\t<\/div>\n\t\t<\/div>\n\t\t\t\t\t\t<\/div>\n\t\t\t\t<\/div>\n\t\t\t\t\t<\/div>\n\t\t\t\t<\/div>\n\t\t\t\t<\/div>\n\t\t","protected":false},"excerpt":{"rendered":"<p>3\u00e8me \u00e9tage Cancer. Un mot qui \u00e9voque pour certains un signe astrologique ou un crustac\u00e9. Mais pour moi, ce sont 18 mois de ma vie, partag\u00e9s entre peur, espoir, et r\u00e9silience, v\u00e9cus \u00e0 travers tes yeux et captur\u00e9s \u00e0 travers mon objectif. Le 3\u00e8me \u00e9tage du Centre Hospitalier de Compi\u00e8gne \u00e9tait devenu ma seconde maison, [&hellip;]<\/p>\n","protected":false},"author":1,"featured_media":139,"parent":0,"menu_order":0,"comment_status":"closed","ping_status":"closed","template":"","meta":{"footnotes":""},"class_list":["post-307","page","type-page","status-publish","has-post-thumbnail","hentry"],"_links":{"self":[{"href":"https:\/\/www.romainnattier.fr\/index.php\/wp-json\/wp\/v2\/pages\/307","targetHints":{"allow":["GET"]}}],"collection":[{"href":"https:\/\/www.romainnattier.fr\/index.php\/wp-json\/wp\/v2\/pages"}],"about":[{"href":"https:\/\/www.romainnattier.fr\/index.php\/wp-json\/wp\/v2\/types\/page"}],"author":[{"embeddable":true,"href":"https:\/\/www.romainnattier.fr\/index.php\/wp-json\/wp\/v2\/users\/1"}],"replies":[{"embeddable":true,"href":"https:\/\/www.romainnattier.fr\/index.php\/wp-json\/wp\/v2\/comments?post=307"}],"version-history":[{"count":7,"href":"https:\/\/www.romainnattier.fr\/index.php\/wp-json\/wp\/v2\/pages\/307\/revisions"}],"predecessor-version":[{"id":337,"href":"https:\/\/www.romainnattier.fr\/index.php\/wp-json\/wp\/v2\/pages\/307\/revisions\/337"}],"wp:featuredmedia":[{"embeddable":true,"href":"https:\/\/www.romainnattier.fr\/index.php\/wp-json\/wp\/v2\/media\/139"}],"wp:attachment":[{"href":"https:\/\/www.romainnattier.fr\/index.php\/wp-json\/wp\/v2\/media?parent=307"}],"curies":[{"name":"wp","href":"https:\/\/api.w.org\/{rel}","templated":true}]}}